{"id":621,"date":"2024-04-22T12:25:01","date_gmt":"2024-04-22T12:25:01","guid":{"rendered":"https:\/\/www.circleoflove.pl\/?page_id=621"},"modified":"2025-10-28T12:07:25","modified_gmt":"2025-10-28T12:07:25","slug":"sesja-11","status":"publish","type":"page","link":"https:\/\/www.circleoflove.pl\/en\/sesja-11\/","title":{"rendered":"Sesja 1:1"},"content":{"rendered":"<div data-elementor-type=\"wp-page\" data-elementor-id=\"621\" class=\"elementor elementor-621\" data-elementor-settings=\"{&quot;ha_cmc_init_switcher&quot;:&quot;no&quot;}\">\n\t\t\t\t\t\t<section class=\"elementor-section elementor-top-section elementor-element elementor-element-d2585f4 elementor-section-full_width elementor-section-content-middle elementor-section-height-default elementor-section-height-default\" data-id=\"d2585f4\" data-element_type=\"section\" data-e-type=\"section\" data-settings=\"{&quot;background_background&quot;:&quot;classic&quot;,&quot;_ha_eqh_enable&quot;:false}\">\n\t\t\t\t\t\t\t<div class=\"elementor-background-overlay\"><\/div>\n\t\t\t\t\t\t\t<div class=\"elementor-container elementor-column-gap-wide\">\n\t\t\t\t\t<div class=\"elementor-column elementor-col-50 elementor-top-column elementor-element elementor-element-fec5da6\" data-id=\"fec5da6\" data-element_type=\"column\" data-e-type=\"column\">\n\t\t\t<div class=\"elementor-widget-wrap elementor-element-populated\">\n\t\t\t\t\t\t<div class=\"elementor-element elementor-element-91af817 elementor-widget elementor-widget-heading\" data-id=\"91af817\" data-element_type=\"widget\" data-e-type=\"widget\" data-widget_type=\"heading.default\">\n\t\t\t\t<div class=\"elementor-widget-container\">\n\t\t\t\t\t<h2 class=\"elementor-heading-title elementor-size-default\">To przestrze\u0144 spotkania, w kt\u00f3rej mo\u017cesz w pe\u0142ni by\u0107 sob\u0105 \u2013 bez oceniania, bez po\u015bpiechu, bez konieczno\u015bci udawania czegokolwiek. <\/h2>\t\t\t\t<\/div>\n\t\t\t\t<\/div>\n\t\t\t\t<div class=\"elementor-element elementor-element-9933aea elementor-widget elementor-widget-heading\" data-id=\"9933aea\" data-element_type=\"widget\" data-e-type=\"widget\" data-widget_type=\"heading.default\">\n\t\t\t\t<div class=\"elementor-widget-container\">\n\t\t\t\t\t<h2 class=\"elementor-heading-title elementor-size-default\">Ka\u017cda sesja jest zaproszeniem do zatrzymania si\u0119, ws\u0142uchania w sw\u00f3j wewn\u0119trzny g\u0142os i odkrywania g\u0142\u0119bi, kt\u00f3ra ju\u017c w Tobie jest.<\/h2>\t\t\t\t<\/div>\n\t\t\t\t<\/div>\n\t\t\t\t<div class=\"elementor-element elementor-element-a9508ce elementor-widget elementor-widget-heading\" data-id=\"a9508ce\" data-element_type=\"widget\" data-e-type=\"widget\" data-widget_type=\"heading.default\">\n\t\t\t\t<div class=\"elementor-widget-container\">\n\t\t\t\t\t<p class=\"elementor-heading-title elementor-size-default\">\ud83d\udc49 Je\u015bli czujesz, \u017ce nadszed\u0142 moment, aby wej\u015b\u0107 g\u0142\u0119biej w siebie i pozwoli\u0107, by Twoje \u015bwiat\u0142o poprowadzi\u0142o Ci\u0119 dalej \u2013 zapraszam.<\/p>\t\t\t\t<\/div>\n\t\t\t\t<\/div>\n\t\t\t\t<div class=\"elementor-element elementor-element-358d5ac elementor-align-left elementor-mobile-align-left elementor-widget elementor-widget-button\" data-id=\"358d5ac\" data-element_type=\"widget\" data-e-type=\"widget\" data-widget_type=\"button.default\">\n\t\t\t\t<div class=\"elementor-widget-container\">\n\t\t\t\t\t\t\t\t\t<div class=\"elementor-button-wrapper\">\n\t\t\t\t\t<a class=\"elementor-button elementor-button-link elementor-size-sm\" href=\"https:\/\/www.circleoflove.pl\/en\/product\/sesja-11-online\/\">\n\t\t\t\t\t\t<span class=\"elementor-button-content-wrapper\">\n\t\t\t\t\t\t\t\t\t<span class=\"elementor-button-text\">UM\u00d3W SESJ\u0118 ONLINE<\/span>\n\t\t\t\t\t<\/span>\n\t\t\t\t\t<\/a>\n\t\t\t\t<\/div>\n\t\t\t\t\t\t\t\t<\/div>\n\t\t\t\t<\/div>\n\t\t\t\t\t<\/div>\n\t\t<\/div>\n\t\t\t\t<div class=\"elementor-column elementor-col-50 elementor-top-column elementor-element elementor-element-abd8511\" data-id=\"abd8511\" data-element_type=\"column\" data-e-type=\"column\">\n\t\t\t<div class=\"elementor-widget-wrap elementor-element-populated\">\n\t\t\t\t\t\t<div class=\"elementor-element elementor-element-3035ebe elementor-widget elementor-widget-image\" data-id=\"3035ebe\" data-element_type=\"widget\" data-e-type=\"widget\" data-widget_type=\"image.default\">\n\t\t\t\t<div class=\"elementor-widget-container\">\n\t\t\t\t\t\t\t\t\t\t\t\t\t\t\t<img decoding=\"async\" src=\"https:\/\/www.circleoflove.pl\/files\/elementor\/thumbs\/osoba-stojaca-na-piaszczystej-plazy-z-czystym-bialym-niebem-scaled-rbvv2szb2jn5987odwjdnxydr8i7m0l4442j9xa2qg.jpg\" title=\"Person standing on&nbsp;the sandy beach with a&nbsp;clear white sky in&nbsp;the background\" alt=\"A person standing on the sandy beach with a clear white sky in the background\" loading=\"lazy\" \/>\t\t\t\t\t\t\t\t\t\t\t\t\t\t\t<\/div>\n\t\t\t\t<\/div>\n\t\t\t\t\t<\/div>\n\t\t<\/div>\n\t\t\t\t\t<\/div>\n\t\t<\/section>\n\t\t\t\t<section class=\"elementor-section elementor-top-section elementor-element elementor-element-998325f elementor-section-full_width elementor-section-content-middle elementor-section-height-default elementor-section-height-default\" data-id=\"998325f\" data-element_type=\"section\" data-e-type=\"section\" data-settings=\"{&quot;background_background&quot;:&quot;classic&quot;,&quot;_ha_eqh_enable&quot;:false}\">\n\t\t\t\t\t\t\t<div class=\"elementor-background-overlay\"><\/div>\n\t\t\t\t\t\t\t<div class=\"elementor-container elementor-column-gap-wide\">\n\t\t\t\t\t<div class=\"elementor-column elementor-col-100 elementor-top-column elementor-element elementor-element-5477e5f\" data-id=\"5477e5f\" data-element_type=\"column\" data-e-type=\"column\">\n\t\t\t<div class=\"elementor-widget-wrap elementor-element-populated\">\n\t\t\t\t\t\t<div class=\"elementor-element elementor-element-6a4dfdd elementor-widget elementor-widget-image\" data-id=\"6a4dfdd\" data-element_type=\"widget\" data-e-type=\"widget\" data-widget_type=\"image.default\">\n\t\t\t\t<div class=\"elementor-widget-container\">\n\t\t\t\t\t\t\t\t\t\t\t\t\t\t\t<img decoding=\"async\" src=\"https:\/\/www.circleoflove.pl\/files\/elementor\/thumbs\/Templatka_Sklep-rbwajbb7l270fvr5yjp4c10qqm32y1n6r2j7sxu6n6.png\" title=\"Templatka_Sklep\" alt=\"Templatka_Sklep\" loading=\"lazy\" \/>\t\t\t\t\t\t\t\t\t\t\t\t\t\t\t<\/div>\n\t\t\t\t<\/div>\n\t\t\t\t<div class=\"elementor-element elementor-element-d3e0d78 elementor-widget elementor-widget-heading\" data-id=\"d3e0d78\" data-element_type=\"widget\" data-e-type=\"widget\" data-widget_type=\"heading.default\">\n\t\t\t\t<div class=\"elementor-widget-container\">\n\t\t\t\t\t<p class=\"elementor-heading-title elementor-size-default\">Podczas pracy 1:1 \u201etrzymam przestrze\u0144\u201d dla Ciebie \u2013 co oznacza gotowo\u015b\u0107, by towarzyszy\u0107 Ci na Twojej w\u0142asnej drodze. Bez pr\u00f3b naprawiania, bez oczekiwania rezultatu, bez os\u0105dzania. To otwarcie serca i ofiarowanie Ci bezwarunkowego wsparcia, kt\u00f3re daje poczucie bezpiecze\u0144stwa i pozwala Twojej Duszy m\u00f3wi\u0107 w\u0142asnym j\u0119zykiem.<\/p>\t\t\t\t<\/div>\n\t\t\t\t<\/div>\n\t\t\t\t<div class=\"elementor-element elementor-element-07fe15e elementor-widget elementor-widget-image\" data-id=\"07fe15e\" data-element_type=\"widget\" data-e-type=\"widget\" data-widget_type=\"image.default\">\n\t\t\t\t<div class=\"elementor-widget-container\">\n\t\t\t\t\t\t\t\t\t\t\t\t\t\t\t<img decoding=\"async\" src=\"https:\/\/www.circleoflove.pl\/files\/elementor\/thumbs\/Templatka_Sklep-rbwajbb7l270fvr5yjp4c10qqm32y1n6r2j7sxu6n6.png\" title=\"Templatka_Sklep\" alt=\"Templatka_Sklep\" loading=\"lazy\" \/>\t\t\t\t\t\t\t\t\t\t\t\t\t\t\t<\/div>\n\t\t\t\t<\/div>\n\t\t\t\t<div class=\"elementor-element elementor-element-53b682f elementor-widget elementor-widget-heading\" data-id=\"53b682f\" data-element_type=\"widget\" data-e-type=\"widget\" data-widget_type=\"heading.default\">\n\t\t\t\t<div class=\"elementor-widget-container\">\n\t\t\t\t\t<p class=\"elementor-heading-title elementor-size-default\">Sesje odbywaj\u0105 si\u0119 w formie online, gdzie pracuj\u0119 autorsk\u0105 metod\u0105 pracy z polem energetycznym oraz pod\u015bwiadomo\u015bci\u0105. Punktem wyj\u015bcia jest zawsze Twoje obecne do\u015bwiadczenie \u2013 to, co w tej chwili najmocniej Ci\u0119 porusza, dotyka lub zatrzymuje. Z tego miejsca otwiera si\u0119 przestrze\u0144 transformacji: uzdrawiania dawnych schemat\u00f3w, uwalniania blokad i odkrywania ukrytego potencja\u0142u.<\/p>\t\t\t\t<\/div>\n\t\t\t\t<\/div>\n\t\t\t\t<div class=\"elementor-element elementor-element-5dfa177 elementor-widget elementor-widget-image\" data-id=\"5dfa177\" data-element_type=\"widget\" data-e-type=\"widget\" data-widget_type=\"image.default\">\n\t\t\t\t<div class=\"elementor-widget-container\">\n\t\t\t\t\t\t\t\t\t\t\t\t\t\t\t<img decoding=\"async\" src=\"https:\/\/www.circleoflove.pl\/files\/elementor\/thumbs\/Templatka_Sklep-rbwajbb7l270fvr5yjp4c10qqm32y1n6r2j7sxu6n6.png\" title=\"Templatka_Sklep\" alt=\"Templatka_Sklep\" loading=\"lazy\" \/>\t\t\t\t\t\t\t\t\t\t\t\t\t\t\t<\/div>\n\t\t\t\t<\/div>\n\t\t\t\t<div class=\"elementor-element elementor-element-bca1167 elementor-widget elementor-widget-heading\" data-id=\"bca1167\" data-element_type=\"widget\" data-e-type=\"widget\" data-widget_type=\"heading.default\">\n\t\t\t\t<div class=\"elementor-widget-container\">\n\t\t\t\t\t<p class=\"elementor-heading-title elementor-size-default\">Ka\u017cda sesja jest wyj\u0105tkowa i p\u0142ynie w odpowiedzi na Twoje potrzeby \u2013 mo\u017ce przybra\u0107 form\u0119 g\u0142\u0119bokiej rozmowy, pracy energetycznej, medytacji lub tw\u00f3rczego procesu.<\/p>\t\t\t\t<\/div>\n\t\t\t\t<\/div>\n\t\t\t\t\t<\/div>\n\t\t<\/div>\n\t\t\t\t\t<\/div>\n\t\t<\/section>\n\t\t\t\t<section class=\"elementor-section elementor-top-section elementor-element elementor-element-55a19a0 elementor-section-full_width elementor-section-content-middle elementor-section-height-default elementor-section-height-default\" data-id=\"55a19a0\" data-element_type=\"section\" data-e-type=\"section\" data-settings=\"{&quot;background_background&quot;:&quot;classic&quot;,&quot;_ha_eqh_enable&quot;:false}\">\n\t\t\t\t\t\t\t<div class=\"elementor-background-overlay\"><\/div>\n\t\t\t\t\t\t\t<div class=\"elementor-container elementor-column-gap-wide\">\n\t\t\t\t\t<div class=\"elementor-column elementor-col-100 elementor-top-column elementor-element elementor-element-c9e0002\" data-id=\"c9e0002\" data-element_type=\"column\" data-e-type=\"column\" data-settings=\"{&quot;background_background&quot;:&quot;classic&quot;}\">\n\t\t\t<div class=\"elementor-widget-wrap elementor-element-populated\">\n\t\t\t\t\t\t<section class=\"elementor-section elementor-inner-section elementor-element elementor-element-53b5919 elementor-section-full_width elementor-section-height-default elementor-section-height-default\" data-id=\"53b5919\" data-element_type=\"section\" data-e-type=\"section\" data-settings=\"{&quot;_ha_eqh_enable&quot;:false}\">\n\t\t\t\t\t\t<div class=\"elementor-container elementor-column-gap-default\">\n\t\t\t\t\t<div class=\"elementor-column elementor-col-100 elementor-inner-column elementor-element elementor-element-d3fc769\" data-id=\"d3fc769\" data-element_type=\"column\" data-e-type=\"column\">\n\t\t\t<div class=\"elementor-widget-wrap elementor-element-populated\">\n\t\t\t\t\t\t<div class=\"elementor-element elementor-element-29f4015 elementor-widget__width-inherit elementor-widget elementor-widget-heading\" data-id=\"29f4015\" data-element_type=\"widget\" data-e-type=\"widget\" data-widget_type=\"heading.default\">\n\t\t\t\t<div class=\"elementor-widget-container\">\n\t\t\t\t\t<h2 class=\"elementor-heading-title elementor-size-default\">Krzysztof o Sesji 1:1<\/h2>\t\t\t\t<\/div>\n\t\t\t\t<\/div>\n\t\t\t\t\t<\/div>\n\t\t<\/div>\n\t\t\t\t\t<\/div>\n\t\t<\/section>\n\t\t\t\t<div class=\"elementor-element elementor-element-978dd9a elementor-widget elementor-widget-text-editor\" data-id=\"978dd9a\" data-element_type=\"widget\" data-e-type=\"widget\" data-widget_type=\"text-editor.default\">\n\t\t\t\t<div class=\"elementor-widget-container\">\n\t\t\t\t\t\t\t\t\t<p><strong>Z jak\u0105 intencj\u0105 lub potrzeb\u0105 przyszed\u0142e\u015b na sesj\u0119? <br \/><\/strong>Czu\u0142em brak w\u0142asnej warto\u015bci, uznania.<\/p><p><strong>Co czu\u0142e\u015b przed rozpocz\u0119ciem spotkania? <br \/><\/strong>Odczuwa\u0142em delikatny stres.<\/p><p><strong>Jak opisa\u0142by\u015b energi\u0119 i atmosfer\u0119 sesji? <br \/><\/strong>Sesja by\u0142a przeprowadzona w super atmosferze, pe\u0142ny spok\u00f3j oraz bardzo pozytywna energia.<\/p><p><strong>Co najbardziej Ci\u0119 poruszy\u0142o lub otworzy\u0142o w trakcie pracy? <br \/><\/strong>Zdecydowanie otworzy\u0142o mnie to wszystko co si\u0119 zadzia\u0142o na spos\u00f3b w jaki widz\u0119 \u201eSiebie&#8221; oraz \u201espos\u00f3b patrzenia na dan\u0105 sytuacje&#8221;<\/p><p><strong>Co poczu\u0142e\u015b po zako\u0144czeniu sesji \u2013 jakie by\u0142y pierwsze wra\u017cenia? <br \/><\/strong>Poczu\u0142em ogromn\u0105 ulg\u0119. Mog\u0142em dok\u0142adnie skonsultowa\u0107 to z czym si\u0119 zmagam. Dosta\u0142em mocny wgl\u0105d w Siebie oraz sytuacje, kt\u00f3re do\u015bwiadczam co da\u0142o \u201eklarowno\u015b\u0107&#8221;<\/p><p><strong>Jak ta sesja wp\u0142yn\u0119\u0142a na Ciebie lub Twoje \u017cycie (nawet subtelnie)? <br \/><\/strong>U\u015bwiadomi\u0142em sobie, \u017ce jestem warto\u015bciowym cz\u0142owiekiem. Odkry\u0142em jak wiele mam zasob\u00f3w jako m\u0119\u017cczyzna. Z czym wychodz\u0119 do \u015bwiata ka\u017cdego dnia.<\/p><p><strong>Jakie jedno s\u0142owo najlepiej opisuje Twoje do\u015bwiadczenie? <br \/><\/strong>Po prostu \u201ewdzi\u0119czno\u015b\u0107&#8221; ! ogromna!<\/p><p><strong>Komu poleci\u0142by\u015b t\u0119 sesj\u0119 i dlaczego? <br \/><\/strong>Ka\u017cdej osobie, kt\u00f3ra chce aby \u017cycie by\u0142o l\u017cejsze i pi\u0119kniejsze. Perspektywa drugiej osoby, pozwala zdystansowa\u0107 si\u0119 i wdro\u017cy\u0107 dzia\u0142ania, kt\u00f3re daj\u0105 taka ulg\u0119! Odzyska\u0142em sprawczo\u015b\u0107!<\/p>\t\t\t\t\t\t\t\t<\/div>\n\t\t\t\t<\/div>\n\t\t\t\t\t<\/div>\n\t\t<\/div>\n\t\t\t\t\t<\/div>\n\t\t<\/section>\n\t\t\t\t<section class=\"elementor-section elementor-top-section elementor-element elementor-element-7f0c060 elementor-section-full_width elementor-section-height-default elementor-section-height-default\" data-id=\"7f0c060\" data-element_type=\"section\" data-e-type=\"section\" data-settings=\"{&quot;background_background&quot;:&quot;classic&quot;,&quot;_ha_eqh_enable&quot;:false}\">\n\t\t\t\t\t\t\t<div class=\"elementor-background-overlay\"><\/div>\n\t\t\t\t\t\t\t<div class=\"elementor-container elementor-column-gap-default\">\n\t\t\t\t\t<div class=\"elementor-column elementor-col-100 elementor-top-column elementor-element elementor-element-a538b3e\" data-id=\"a538b3e\" data-element_type=\"column\" data-e-type=\"column\">\n\t\t\t<div class=\"elementor-widget-wrap elementor-element-populated\">\n\t\t\t\t\t\t<div class=\"elementor-element elementor-element-411c173 elementor-widget elementor-widget-heading\" data-id=\"411c173\" data-element_type=\"widget\" data-e-type=\"widget\" data-widget_type=\"heading.default\">\n\t\t\t\t<div class=\"elementor-widget-container\">\n\t\t\t\t\t<h2 class=\"elementor-heading-title elementor-size-default\">Circle of Love to pole serca - \u017cywe \u0179r\u00f3d\u0142o \u015bwiat\u0142a, w kt\u00f3rym Twoje intencje zostaj\u0105 zasiane i rozkwitaj\u0105 w urzeczywistnion\u0105 kreacj\u0119 w autentyczno\u015bci.<\/h2>\t\t\t\t<\/div>\n\t\t\t\t<\/div>\n\t\t\t\t<div class=\"elementor-element elementor-element-7a15893 elementor-widget elementor-widget-text-editor\" data-id=\"7a15893\" data-element_type=\"widget\" data-e-type=\"widget\" data-widget_type=\"text-editor.default\">\n\t\t\t\t<div class=\"elementor-widget-container\">\n\t\t\t\t\t\t\t\t\t<p>Adres e-mail: <b>kontakt@circleoflove.pl<\/b><br>Telefon: <b>+48&nbsp;691 143 266<\/b><\/p>\t\t\t\t\t\t\t\t<\/div>\n\t\t\t\t<\/div>\n\t\t\t\t<section class=\"elementor-section elementor-inner-section elementor-element elementor-element-6c42c6a elementor-section-boxed elementor-section-height-default elementor-section-height-default\" data-id=\"6c42c6a\" data-element_type=\"section\" data-e-type=\"section\" data-settings=\"{&quot;_ha_eqh_enable&quot;:false}\">\n\t\t\t\t\t\t<div class=\"elementor-container elementor-column-gap-default\">\n\t\t\t\t\t<div class=\"elementor-column elementor-col-20 elementor-inner-column elementor-element elementor-element-0ad36e3\" data-id=\"0ad36e3\" data-element_type=\"column\" data-e-type=\"column\">\n\t\t\t<div class=\"elementor-widget-wrap elementor-element-populated\">\n\t\t\t\t\t\t<div data-ha-element-link=\"{&quot;url&quot;:&quot;https:\\\/\\\/www.circleoflove.pl\\\/&quot;,&quot;is_external&quot;:&quot;&quot;,&quot;nofollow&quot;:&quot;&quot;}\" style=\"cursor: pointer\" class=\"elementor-element elementor-element-05d86ec elementor-widget__width-inherit elementor-widget elementor-widget-text-editor\" data-id=\"05d86ec\" data-element_type=\"widget\" data-e-type=\"widget\" data-widget_type=\"text-editor.default\">\n\t\t\t\t<div class=\"elementor-widget-container\">\n\t\t\t\t\t\t\t\t\t<p>TU ZACZNIJ<\/p>\t\t\t\t\t\t\t\t<\/div>\n\t\t\t\t<\/div>\n\t\t\t\t\t<\/div>\n\t\t<\/div>\n\t\t\t\t<div class=\"elementor-column elementor-col-20 elementor-inner-column elementor-element elementor-element-f30b4bf\" data-id=\"f30b4bf\" data-element_type=\"column\" data-e-type=\"column\">\n\t\t\t<div class=\"elementor-widget-wrap elementor-element-populated\">\n\t\t\t\t\t\t<div data-ha-element-link=\"{&quot;url&quot;:&quot;https:\\\/\\\/www.circleoflove.pl\\\/o-mnie\\\/&quot;,&quot;is_external&quot;:&quot;&quot;,&quot;nofollow&quot;:&quot;&quot;}\" style=\"cursor: pointer\" class=\"elementor-element elementor-element-cf73d47 elementor-widget__width-inherit elementor-widget elementor-widget-text-editor\" data-id=\"cf73d47\" data-element_type=\"widget\" data-e-type=\"widget\" data-widget_type=\"text-editor.default\">\n\t\t\t\t<div class=\"elementor-widget-container\">\n\t\t\t\t\t\t\t\t\t<p>POZNAJMY SI\u0118<\/p>\t\t\t\t\t\t\t\t<\/div>\n\t\t\t\t<\/div>\n\t\t\t\t\t<\/div>\n\t\t<\/div>\n\t\t\t\t<div class=\"elementor-column elementor-col-20 elementor-inner-column elementor-element elementor-element-6f7d9ca\" data-id=\"6f7d9ca\" data-element_type=\"column\" data-e-type=\"column\">\n\t\t\t<div class=\"elementor-widget-wrap elementor-element-populated\">\n\t\t\t\t\t\t<div data-ha-element-link=\"{&quot;url&quot;:&quot;https:\\\/\\\/www.circleoflove.pl\\\/sklep\\\/&quot;,&quot;is_external&quot;:&quot;&quot;,&quot;nofollow&quot;:&quot;&quot;}\" style=\"cursor: pointer\" class=\"elementor-element elementor-element-a0930e0 elementor-widget__width-inherit elementor-widget elementor-widget-text-editor\" data-id=\"a0930e0\" data-element_type=\"widget\" data-e-type=\"widget\" data-widget_type=\"text-editor.default\">\n\t\t\t\t<div class=\"elementor-widget-container\">\n\t\t\t\t\t\t\t\t\t<p>SKLEP<\/p>\t\t\t\t\t\t\t\t<\/div>\n\t\t\t\t<\/div>\n\t\t\t\t\t<\/div>\n\t\t<\/div>\n\t\t\t\t<div class=\"elementor-column elementor-col-20 elementor-inner-column elementor-element elementor-element-6b3d814\" data-id=\"6b3d814\" data-element_type=\"column\" data-e-type=\"column\">\n\t\t\t<div class=\"elementor-widget-wrap elementor-element-populated\">\n\t\t\t\t\t\t<div data-ha-element-link=\"{&quot;url&quot;:&quot;https:\\\/\\\/www.circleoflove.pl\\\/faq\\\/&quot;,&quot;is_external&quot;:&quot;&quot;,&quot;nofollow&quot;:&quot;&quot;}\" style=\"cursor: pointer\" class=\"elementor-element elementor-element-45ce591 elementor-widget__width-inherit elementor-widget elementor-widget-text-editor\" data-id=\"45ce591\" data-element_type=\"widget\" data-e-type=\"widget\" data-widget_type=\"text-editor.default\">\n\t\t\t\t<div class=\"elementor-widget-container\">\n\t\t\t\t\t\t\t\t\t<p>FAQ<\/p>\t\t\t\t\t\t\t\t<\/div>\n\t\t\t\t<\/div>\n\t\t\t\t\t<\/div>\n\t\t<\/div>\n\t\t\t\t<div class=\"elementor-column elementor-col-20 elementor-inner-column elementor-element elementor-element-4ba14cc\" data-id=\"4ba14cc\" data-element_type=\"column\" data-e-type=\"column\">\n\t\t\t<div class=\"elementor-widget-wrap elementor-element-populated\">\n\t\t\t\t\t\t<div data-ha-element-link=\"{&quot;url&quot;:&quot;https:\\\/\\\/www.circleoflove.pl\\\/kontakt\\\/&quot;,&quot;is_external&quot;:&quot;&quot;,&quot;nofollow&quot;:&quot;&quot;}\" style=\"cursor: pointer\" class=\"elementor-element elementor-element-ecb637c elementor-widget__width-inherit elementor-widget elementor-widget-text-editor\" data-id=\"ecb637c\" data-element_type=\"widget\" data-e-type=\"widget\" data-widget_type=\"text-editor.default\">\n\t\t\t\t<div class=\"elementor-widget-container\">\n\t\t\t\t\t\t\t\t\t<p>KONTAKT<\/p>\t\t\t\t\t\t\t\t<\/div>\n\t\t\t\t<\/div>\n\t\t\t\t\t<\/div>\n\t\t<\/div>\n\t\t\t\t\t<\/div>\n\t\t<\/section>\n\t\t\t\t<div class=\"elementor-element elementor-element-11b8676 elementor-widget elementor-widget-text-editor\" data-id=\"11b8676\" data-element_type=\"widget\" data-e-type=\"widget\" data-widget_type=\"text-editor.default\">\n\t\t\t\t<div class=\"elementor-widget-container\">\n\t\t\t\t\t\t\t\t\t<p>\u00a9 2025 Circle of Love by Micha\u0142 Bere\u015b. Wszelkie prawa zastrze\u017cone.<\/p><p><a href=\"https:\/\/www.circleoflove.pl\/en\/polityka-prywatnosci\/\">Polityka Prywatno\u015bci<\/a>, <a href=\"https:\/\/www.circleoflove.pl\/en\/regulamin-sprzedazy\/\">Regulamin<\/a><\/p>\t\t\t\t\t\t\t\t<\/div>\n\t\t\t\t<\/div>\n\t\t\t\t\t<\/div>\n\t\t<\/div>\n\t\t\t\t\t<\/div>\n\t\t<\/section>\n\t\t\t\t<\/div>","protected":false},"excerpt":{"rendered":"<p>To przestrze\u0144 spotkania, w kt\u00f3rej mo\u017cesz w pe\u0142ni by\u0107 sob\u0105 \u2013 bez oceniania, bez po\u015bpiechu, bez konieczno\u015bci udawania czegokolwiek. Ka\u017cda sesja jest zaproszeniem do zatrzymania si\u0119, ws\u0142uchania w sw\u00f3j wewn\u0119trzny g\u0142os i odkrywania g\u0142\u0119bi, kt\u00f3ra ju\u017c w Tobie jest. \ud83d\udc49 Je\u015bli czujesz, \u017ce nadszed\u0142 moment, aby wej\u015b\u0107 g\u0142\u0119biej w siebie i pozwoli\u0107, by Twoje \u015bwiat\u0142o [&hellip;]<\/p>\n","protected":false},"author":1,"featured_media":0,"parent":0,"menu_order":0,"comment_status":"closed","ping_status":"closed","template":"elementor_header_footer","meta":{"footnotes":""},"class_list":["post-621","page","type-page","status-publish","hentry"],"blocksy_meta":{"disable_footer":"yes","styles_descriptor":{"styles":{"desktop":"","tablet":"","mobile":""},"google_fonts":[],"version":6}},"aioseo_notices":[],"_links":{"self":[{"href":"https:\/\/www.circleoflove.pl\/en\/wp-json\/wp\/v2\/pages\/621","targetHints":{"allow":["GET"]}}],"collection":[{"href":"https:\/\/www.circleoflove.pl\/en\/wp-json\/wp\/v2\/pages"}],"about":[{"href":"https:\/\/www.circleoflove.pl\/en\/wp-json\/wp\/v2\/types\/page"}],"author":[{"embeddable":true,"href":"https:\/\/www.circleoflove.pl\/en\/wp-json\/wp\/v2\/users\/1"}],"replies":[{"embeddable":true,"href":"https:\/\/www.circleoflove.pl\/en\/wp-json\/wp\/v2\/comments?post=621"}],"version-history":[{"count":29,"href":"https:\/\/www.circleoflove.pl\/en\/wp-json\/wp\/v2\/pages\/621\/revisions"}],"predecessor-version":[{"id":1393,"href":"https:\/\/www.circleoflove.pl\/en\/wp-json\/wp\/v2\/pages\/621\/revisions\/1393"}],"wp:attachment":[{"href":"https:\/\/www.circleoflove.pl\/en\/wp-json\/wp\/v2\/media?parent=621"}],"curies":[{"name":"wp","href":"https:\/\/api.w.org\/{rel}","templated":true}]}}