{"id":1084,"date":"2025-09-23T09:18:51","date_gmt":"2025-09-23T09:18:51","guid":{"rendered":"https:\/\/www.circleoflove.pl\/?post_type=product&#038;p=1084"},"modified":"2025-09-23T10:01:06","modified_gmt":"2025-09-23T10:01:06","slug":"%e2%9c%a8%f0%9f%8c%8a-atlantyda-portal-swiatla-i-milosci-%f0%9f%8c%8a%e2%9c%a8","status":"publish","type":"product","link":"https:\/\/www.circleoflove.pl\/en\/product\/%e2%9c%a8%f0%9f%8c%8a-atlantyda-portal-swiatla-i-milosci-%f0%9f%8c%8a%e2%9c%a8\/","title":{"rendered":"\u2728\ud83c\udf0a \u201eAtlantyda&#8221; \u2013 Portal \u015awiat\u0142a i Mi\u0142o\u015bci \ud83c\udf0a\u2728"},"content":{"rendered":"<p>Obraz \u201eAtlantyda&#8221; otwiera serce na \u015bwiat\u0142o i mi\u0142o\u015b\u0107, wspieraj\u0105c Ci\u0119 w odnalezieniu swojego wewn\u0119trznego \u015bwiat\u0142a oraz przebudzeniu ukrytych dar\u00f3w duszy. Patrz\u0105c na niego, mo\u017cesz poczu\u0107 powr\u00f3t do \u0179r\u00f3d\u0142a, do tego kim naprawd\u0119 jeste\u015b \u2013 istot\u0105 \u015bwiat\u0142a, mi\u0142o\u015bci i harmonii. \ud83c\udf0d\u2728<\/p>\n<p>Niech ten obraz przypomina Ci, \u017ce jeste\u015b tw\u00f3rc\u0105 swojego \u015bwiata, a Twoje serce jest kluczem do uzdrowienia ca\u0142ej planety. \ud83d\udc99\ud83c\udf0d<\/p>\n<p>Czeka\u0142a kilka miesi\u0119cy na \u201eten&#8221; moment.<\/p>\n<p><strong>Szuka domu \ud83d\udc9b\ud83d\udc99<\/strong><br \/>\n80&#215;80 cm<\/p>\n<p>&nbsp;<\/p>","protected":false},"excerpt":{"rendered":"<p>Ten obraz to energetyczny portal, kt\u00f3ry \u0142\u0105czy nas z pami\u0119ci\u0105 duszy i pradawn\u0105 m\u0105dro\u015bci\u0105 Atlantydy \u2013 cywilizacji, kt\u00f3ra \u017cy\u0142a w harmonii z Wszech\u015bwiatem, natur\u0105 i sercem. \ud83d\udc99\ud83d\udc9b<\/p>\n<p><strong>\ud83c\udf1f \u015awi\u0119ta struktura:<\/strong><br \/>\n\ud83d\udd39 18 kr\u0119g\u00f3w \u2013 18 bram transformacji i uzdrowienia. Liczba ta symbolizuje zako\u0144czenie starego cyklu i narodziny nowej rzeczywisto\u015bci w \u015bwietle.<br \/>\n\ud83d\udd39 7 gwiazd sze\u015bcioramiennych (Merkab) \u2013 7 filar\u00f3w harmonii Atlantydy: mi\u0142o\u015b\u0107, prawda, uzdrawianie, \u015bwiadomo\u015b\u0107, kreatywno\u015b\u0107, jedno\u015b\u0107i harmonia.<br \/>\n\ud83d\udd39 12 Kwiat\u00f3w \u017bycia \u2013 sie\u0107 po\u0142\u0105cze\u0144, kt\u00f3ra przypomina, \u017ce wszystko jest jedno\u015bci\u0105 i ka\u017cdy z nas jest cz\u0119\u015bci\u0105 kosmicznego planu.<\/p>\n<p>\ud83d\udc9b Z\u0142oto \u2013 boska m\u0105dro\u015b\u0107 i aktywacja duchowego DNA.<br \/>\n\ud83d\udc99 B\u0142\u0119kit \u2013 oceaniczna pami\u0119\u0107, uzdrowienie emocji i spok\u00f3j duszy.<\/p>","protected":false},"featured_media":1085,"comment_status":"open","ping_status":"closed","template":"","meta":[],"product_brand":[],"product_cat":[15,60],"product_tag":[],"class_list":{"0":"post-1084","1":"product","2":"type-product","3":"status-publish","4":"has-post-thumbnail","6":"product_cat-bez-kategorii","7":"product_cat-gotowe-obrazy","9":"first","10":"instock","11":"shipping-taxable","12":"purchasable","13":"product-type-simple"},"aioseo_notices":[],"_links":{"self":[{"href":"https:\/\/www.circleoflove.pl\/en\/wp-json\/wp\/v2\/product\/1084","targetHints":{"allow":["GET"]}}],"collection":[{"href":"https:\/\/www.circleoflove.pl\/en\/wp-json\/wp\/v2\/product"}],"about":[{"href":"https:\/\/www.circleoflove.pl\/en\/wp-json\/wp\/v2\/types\/product"}],"replies":[{"embeddable":true,"href":"https:\/\/www.circleoflove.pl\/en\/wp-json\/wp\/v2\/comments?post=1084"}],"wp:featuredmedia":[{"embeddable":true,"href":"https:\/\/www.circleoflove.pl\/en\/wp-json\/wp\/v2\/media\/1085"}],"wp:attachment":[{"href":"https:\/\/www.circleoflove.pl\/en\/wp-json\/wp\/v2\/media?parent=1084"}],"wp:term":[{"taxonomy":"product_brand","embeddable":true,"href":"https:\/\/www.circleoflove.pl\/en\/wp-json\/wp\/v2\/product_brand?post=1084"},{"taxonomy":"product_cat","embeddable":true,"href":"https:\/\/www.circleoflove.pl\/en\/wp-json\/wp\/v2\/product_cat?post=1084"},{"taxonomy":"product_tag","embeddable":true,"href":"https:\/\/www.circleoflove.pl\/en\/wp-json\/wp\/v2\/product_tag?post=1084"}],"curies":[{"name":"wp","href":"https:\/\/api.w.org\/{rel}","templated":true}]}}