{"id":1095,"date":"2025-09-23T09:23:17","date_gmt":"2025-09-23T09:23:17","guid":{"rendered":"https:\/\/www.circleoflove.pl\/?post_type=product&#038;p=1095"},"modified":"2025-09-24T09:25:39","modified_gmt":"2025-09-24T09:25:39","slug":"intencja-%e2%9c%a8otwartosc-na-przeplyw-pelni-zycia-%e2%9c%a8","status":"publish","type":"product","link":"https:\/\/www.circleoflove.pl\/en\/product\/intencja-%e2%9c%a8otwartosc-na-przeplyw-pelni-zycia-%e2%9c%a8\/","title":{"rendered":"Intencja \u2728&#8221;Otwarto\u015b\u0107 na przep\u0142yw Pe\u0142ni \u017bycia&#8221; \u2728"},"content":{"rendered":"<p>Ten obraz jest bram\u0105 energetyczn\u0105 \u2013 transformuje przestrze\u0144, w kt\u00f3rej si\u0119 znajdzie.<br \/>\nWprowadza harmoni\u0119, przyci\u0105ga obfito\u015b\u0107 i chroni Twoje pole energetyczne.<\/p>\n<p>\ud83d\udcab Je\u015bli czujesz, \u017ce ten obraz wzywa Ciebie \u2013 oznacza to, \u017ce Twoja dusza jest gotowa. To nie dekoracja, to \u017cywe narz\u0119dzie energetyczne.<\/p>\n<p>Niech przep\u0142yw Pe\u0142ni \u017bycia stanie si\u0119 Twoim codziennym do\u015bwiadczeniem. \ud83c\udf0a\ud83c\udf1f<\/p>\n<p>Szuka domu \ud83d\udcab<br \/>\n30&#215;30 cm, len<\/p>","protected":false},"excerpt":{"rendered":"<p>To nie jest zwyk\u0142y obraz.<br \/>\nTo kod energetyczny, kt\u00f3ry otwiera Twoje serce na niesko\u0144czony przep\u0142yw \u017cycia.<br \/>\nKa\u017cda kropka, ka\u017cdy symbol i ka\u017cdy promie\u0144 \u015bwiat\u0142a zosta\u0142 zapisany w tej mandali z intencj\u0105:<br \/>\n<strong>\ud83d\udc49 aby\u015b odwa\u017cy\u0142 si\u0119 w pe\u0142ni przyj\u0105\u0107 wszystko, co \u0179rodlo chce Ci podarowa\u0107.<\/strong><\/p>\n<p>\ud83d\udc9a Ziele\u0144 \u2013 aktywuje moc serca i uzdrawia przep\u0142yw energii.<br \/>\n\ud83c\udf1e Z\u0142oto \u2013 niesie obfito\u015b\u0107, kr\u00f3lewsko\u015b\u0107 i odwag\u0119 do bycia w swojej mocy.<br \/>\n\ud83c\udf19 Srebro \u2013 otwiera na intuicj\u0119, prowadzenie i ochron\u0119.<br \/>\n\ud83d\udd11 Ankh \u2013 klucz \u017cycia, oddech boskiej prany.<br \/>\n\u2721\ufe0f Gwiazda Dawida \u2013 harmonia ducha i materii, jak w Niebie tak i na Ziemi.<br \/>\n\ud83c\udf38 Kwiat \u017bycia \u2013 \u015bwi\u0119ta geometria stworzenia, matryca \u0179r\u00f3d\u0142a.<\/p>","protected":false},"featured_media":1183,"comment_status":"open","ping_status":"closed","template":"","meta":[],"product_brand":[],"product_cat":[15,60],"product_tag":[],"class_list":{"0":"post-1095","1":"product","2":"type-product","3":"status-publish","4":"has-post-thumbnail","6":"product_cat-bez-kategorii","7":"product_cat-gotowe-obrazy","9":"first","10":"instock","11":"shipping-taxable","12":"purchasable","13":"product-type-simple"},"aioseo_notices":[],"_links":{"self":[{"href":"https:\/\/www.circleoflove.pl\/en\/wp-json\/wp\/v2\/product\/1095","targetHints":{"allow":["GET"]}}],"collection":[{"href":"https:\/\/www.circleoflove.pl\/en\/wp-json\/wp\/v2\/product"}],"about":[{"href":"https:\/\/www.circleoflove.pl\/en\/wp-json\/wp\/v2\/types\/product"}],"replies":[{"embeddable":true,"href":"https:\/\/www.circleoflove.pl\/en\/wp-json\/wp\/v2\/comments?post=1095"}],"wp:featuredmedia":[{"embeddable":true,"href":"https:\/\/www.circleoflove.pl\/en\/wp-json\/wp\/v2\/media\/1183"}],"wp:attachment":[{"href":"https:\/\/www.circleoflove.pl\/en\/wp-json\/wp\/v2\/media?parent=1095"}],"wp:term":[{"taxonomy":"product_brand","embeddable":true,"href":"https:\/\/www.circleoflove.pl\/en\/wp-json\/wp\/v2\/product_brand?post=1095"},{"taxonomy":"product_cat","embeddable":true,"href":"https:\/\/www.circleoflove.pl\/en\/wp-json\/wp\/v2\/product_cat?post=1095"},{"taxonomy":"product_tag","embeddable":true,"href":"https:\/\/www.circleoflove.pl\/en\/wp-json\/wp\/v2\/product_tag?post=1095"}],"curies":[{"name":"wp","href":"https:\/\/api.w.org\/{rel}","templated":true}]}}