{"id":1096,"date":"2025-09-23T09:24:11","date_gmt":"2025-09-23T09:24:11","guid":{"rendered":"https:\/\/www.circleoflove.pl\/?post_type=product&#038;p=1096"},"modified":"2025-09-24T09:22:24","modified_gmt":"2025-09-24T09:22:24","slug":"intencja-%e2%9c%a8-zycie-jest-pelne-milosci-i-usmiechu-z-glebi-serca-%e2%9c%a8","status":"publish","type":"product","link":"https:\/\/www.circleoflove.pl\/en\/product\/intencja-%e2%9c%a8-zycie-jest-pelne-milosci-i-usmiechu-z-glebi-serca-%e2%9c%a8\/","title":{"rendered":"Intencja \u2728 \u017bycie jest pe\u0142ne mi\u0142o\u015bci i u\u015bmiechu z g\u0142\u0119bi serca \u2728"},"content":{"rendered":"<p>Sze\u015bciany w rogach \u2013 stra\u017cnicy energii, symbol stabilno\u015bci i manifestacji. To dzi\u0119ki nim subtelne wibracje zostaj\u0105 ugruntowane, a rado\u015b\u0107 i mi\u0142o\u015b\u0107 mog\u0105 przejawia\u0107 si\u0119 w codziennym \u017cyciu.<\/p>\n<p>\ud83d\udcab Symetria mandali pulsuje jak bicie serca, a Vesica Piscis przypomina, \u017ce ka\u017cdy u\u015bmiech rodzi si\u0119 z po\u0142\u0105czenia \u2013 duszy i cia\u0142a, \u015bwiat\u0142a i materii, mi\u0142o\u015bci i \u015bwiadomo\u015bci.<\/p>\n<p>\ud83d\udc49 Je\u015bli czujesz, \u017ce ta mandala wo\u0142a Ciebie \u2013 napisz do mnie. Ten obraz mo\u017ce sta\u0107 si\u0119 cz\u0119\u015bci\u0105 Twojej przestrzeni i codziennym \u017ar\u00f3d\u0142em inspiracji.<\/p>\n<p>Szuka domu:<br \/>\n30&#215;30 cm len<\/p>","protected":false},"excerpt":{"rendered":"<p>W centrum mandali otwiera si\u0119 brama \u0179r\u00f3d\u0142a, uformowana z Vesica Piscis \u2013 pradawnego symbolu zrodzonego ze spotkania dw\u00f3ch kr\u0119g\u00f3w. To \u015bwi\u0119ta przestrze\u0144, w kt\u00f3rej przenika si\u0119 to, co widzialne i niewidzialne, a z ich po\u0142\u0105czenia rodzi si\u0119 nowe \u017cycie, \u015bwiat\u0142o i \u015bwiadomo\u015b\u0107. Vesica Piscis od wiek\u00f3w uznawana jest za \u0142ono kreacji \u2013 obraz Boskiego pocz\u0105tku, w kt\u00f3rym istnienie zaczyna sw\u00f3j taniec.<\/p>\n<p><strong>\ud83c\udf1f Symbolika kolor\u00f3w:<\/strong><br \/>\n\u2022 Z\u0142oto \u2013 \u015bwiat\u0142o mi\u0142o\u015bci i obfito\u015bci<br \/>\n\u2022 Turkus \u2013 lekko\u015b\u0107, przep\u0142yw i szczery \u015bmiech<br \/>\n\u2022 B\u0142\u0119kit \u2013 spok\u00f3j i moc s\u0142\u00f3w p\u0142yn\u0105cych z serca<br \/>\n\u2022 Fiolet \u2013 transformacja i duchowe prowadzenie<br \/>\n\u2022 Be\u017c \u2013 zakorzenienie i ciep\u0142o codzienno\u015bci<\/p>","protected":false},"featured_media":1175,"comment_status":"open","ping_status":"closed","template":"","meta":[],"product_brand":[],"product_cat":[15,60],"product_tag":[],"class_list":{"0":"post-1096","1":"product","2":"type-product","3":"status-publish","4":"has-post-thumbnail","6":"product_cat-bez-kategorii","7":"product_cat-gotowe-obrazy","9":"first","10":"instock","11":"shipping-taxable","12":"purchasable","13":"product-type-simple"},"aioseo_notices":[],"_links":{"self":[{"href":"https:\/\/www.circleoflove.pl\/en\/wp-json\/wp\/v2\/product\/1096","targetHints":{"allow":["GET"]}}],"collection":[{"href":"https:\/\/www.circleoflove.pl\/en\/wp-json\/wp\/v2\/product"}],"about":[{"href":"https:\/\/www.circleoflove.pl\/en\/wp-json\/wp\/v2\/types\/product"}],"replies":[{"embeddable":true,"href":"https:\/\/www.circleoflove.pl\/en\/wp-json\/wp\/v2\/comments?post=1096"}],"wp:featuredmedia":[{"embeddable":true,"href":"https:\/\/www.circleoflove.pl\/en\/wp-json\/wp\/v2\/media\/1175"}],"wp:attachment":[{"href":"https:\/\/www.circleoflove.pl\/en\/wp-json\/wp\/v2\/media?parent=1096"}],"wp:term":[{"taxonomy":"product_brand","embeddable":true,"href":"https:\/\/www.circleoflove.pl\/en\/wp-json\/wp\/v2\/product_brand?post=1096"},{"taxonomy":"product_cat","embeddable":true,"href":"https:\/\/www.circleoflove.pl\/en\/wp-json\/wp\/v2\/product_cat?post=1096"},{"taxonomy":"product_tag","embeddable":true,"href":"https:\/\/www.circleoflove.pl\/en\/wp-json\/wp\/v2\/product_tag?post=1096"}],"curies":[{"name":"wp","href":"https:\/\/api.w.org\/{rel}","templated":true}]}}