{"id":1104,"date":"2025-09-23T09:32:28","date_gmt":"2025-09-23T09:32:28","guid":{"rendered":"https:\/\/www.circleoflove.pl\/?post_type=product&#038;p=1104"},"modified":"2025-09-24T09:32:37","modified_gmt":"2025-09-24T09:32:37","slug":"%e2%9c%a8intencja-zanurzam-sie-w-milosci-%e2%9c%a8","status":"publish","type":"product","link":"https:\/\/www.circleoflove.pl\/en\/product\/%e2%9c%a8intencja-zanurzam-sie-w-milosci-%e2%9c%a8\/","title":{"rendered":"\u2728Intencja: \u201eZanurzam si\u0119 w mi\u0142o\u015bci&#8221; \u2728"},"content":{"rendered":"<p>\ud83c\udf00 Ta mandala mo\u017ce wspiera\u0107 Ci\u0119 w praktyce medytacyjnej, uzdrawianiu relacji, otwieraniu serca i tworzeniu \u015bwi\u0119tej przestrzeni w domu lub miejscu pracy.<\/p>\n<p>\ud83d\udd2e R\u0119cznie tworzona z intencj\u0105, gotowa by zamieszka\u0107 tam, gdzie serce pragnie wi\u0119cej \u015bwiat\u0142a.<\/p>\n<p>\u2014<br \/>\nSzuka domu<br \/>\n30&#215;30 cm wykonana na lnie.<\/p>","protected":false},"excerpt":{"rendered":"<p>Ta mandala powsta\u0142a jako energetyczna brama \ud83d\udeaa do czystej, bezwarunkowej mi\u0142o\u015bci \u2665\ufe0f.<\/p>\n<p>Na czarnym tle \ud83d\udda4 \u2014 symbolu niesko\u0144czonego potencja\u0142u i przestrzeni przed stworzeniem \u2014 l\u015bni z\u0142oto \ud83d\udc9b: \u015bwiat\u0142o Boskiej obecno\u015bci, obfito\u015bci i mocy serca. Fiolet \ud83d\udc9c przynosi transformacj\u0119 i duchow\u0105 alchemi\u0119, a biel \ud83e\udd0d\u2013 promie\u0144 czysto\u015bci, prawdy i jedno\u015bci.<\/p>\n<p>W sercu mandali skrzy\u017cowane tr\u00f3jk\u0105ty tworz\u0105 Gwiazd\u0119 Dawida \u2721\ufe0f\u2013 symbol harmonii przeciwie\u0144stw, boskiej integracji ducha i materii, m\u0119skiego i \u017ce\u0144skiego, nieba i ziemi. To zaproszenie do wewn\u0119trznego zjednoczenia i zanurzenia si\u0119 w pe\u0142ni mi\u0142o\u015bci \u2014 tej, kt\u00f3r\u0105 jeste\u015bmy.<\/p>","protected":false},"featured_media":1105,"comment_status":"open","ping_status":"closed","template":"","meta":[],"product_brand":[],"product_cat":[15,60],"product_tag":[],"class_list":{"0":"post-1104","1":"product","2":"type-product","3":"status-publish","4":"has-post-thumbnail","6":"product_cat-bez-kategorii","7":"product_cat-gotowe-obrazy","9":"first","10":"instock","11":"shipping-taxable","12":"purchasable","13":"product-type-simple"},"aioseo_notices":[],"_links":{"self":[{"href":"https:\/\/www.circleoflove.pl\/en\/wp-json\/wp\/v2\/product\/1104","targetHints":{"allow":["GET"]}}],"collection":[{"href":"https:\/\/www.circleoflove.pl\/en\/wp-json\/wp\/v2\/product"}],"about":[{"href":"https:\/\/www.circleoflove.pl\/en\/wp-json\/wp\/v2\/types\/product"}],"replies":[{"embeddable":true,"href":"https:\/\/www.circleoflove.pl\/en\/wp-json\/wp\/v2\/comments?post=1104"}],"wp:featuredmedia":[{"embeddable":true,"href":"https:\/\/www.circleoflove.pl\/en\/wp-json\/wp\/v2\/media\/1105"}],"wp:attachment":[{"href":"https:\/\/www.circleoflove.pl\/en\/wp-json\/wp\/v2\/media?parent=1104"}],"wp:term":[{"taxonomy":"product_brand","embeddable":true,"href":"https:\/\/www.circleoflove.pl\/en\/wp-json\/wp\/v2\/product_brand?post=1104"},{"taxonomy":"product_cat","embeddable":true,"href":"https:\/\/www.circleoflove.pl\/en\/wp-json\/wp\/v2\/product_cat?post=1104"},{"taxonomy":"product_tag","embeddable":true,"href":"https:\/\/www.circleoflove.pl\/en\/wp-json\/wp\/v2\/product_tag?post=1104"}],"curies":[{"name":"wp","href":"https:\/\/api.w.org\/{rel}","templated":true}]}}