{"id":1111,"date":"2025-09-23T09:37:19","date_gmt":"2025-09-23T09:37:19","guid":{"rendered":"https:\/\/www.circleoflove.pl\/?post_type=product&#038;p=1111"},"modified":"2025-09-23T10:01:04","modified_gmt":"2025-09-23T10:01:04","slug":"intencja-jestem-wolny-od-przeszlosci-przyjmuje-harmonie-i-milosc-%f0%9f%a4%b2%e2%99%a5%ef%b8%8f","status":"publish","type":"product","link":"https:\/\/www.circleoflove.pl\/en\/product\/intencja-jestem-wolny-od-przeszlosci-przyjmuje-harmonie-i-milosc-%f0%9f%a4%b2%e2%99%a5%ef%b8%8f\/","title":{"rendered":"Intencja: \u201eJestem wolny od przesz\u0142o\u015bci. Przyjmuj\u0119 Harmoni\u0119 i Mi\u0142o\u015b\u0107.&#8221; \ud83e\udd32\u2665\ufe0f"},"content":{"rendered":"<p>W centrum \u2014 \u017ar\u00f3d\u0142o wolno\u015bci. Kr\u0119gi harmonii pulsuj\u0105 na zewn\u0105trz, symbolizuj\u0105c ruch serca ku bezwarunkowej Mi\u0142o\u015bci, ku tera\u017aniejszo\u015bci pe\u0142nej pokoju. Przebaczenie przesz\u0142o\u015bci nie jest zapomnieniem \u2014 to akt odwagi. To moment, w kt\u00f3rym przestaj\u0119 si\u0119 uto\u017csamia\u0107 z dawnym b\u00f3lem i zaczynam \u017cy\u0107 jako wolna, pe\u0142na istota.<\/p>\n<p><strong>Niech ta mandala stanie si\u0119 wizualn\u0105 mantr\u0105 \u2014 przypomnieniem, \u017ce zas\u0142ugujesz na pok\u00f3j. \u017be harmonia to naturalny stan. \u017be Mi\u0142o\u015b\u0107 jest zawsze obecna, czekaj\u0105c, a\u017c zostanie przyj\u0119ta.<\/strong><\/p>\n<p>Je\u017celi przeczyta\u0142a\u015b\/es ten post pozostaw prosz\u0119 \u201eco\u015b&#8221; po Sobie. \u017bycz\u0119 Ci niech dzi\u0119ki temu spe\u0142ni si\u0119 Twoje marzenie o kt\u00f3re wo\u0142a Twoja dusza \u270a\ud83e\ude84<\/p>\n<p>Szuka domu \u2665\ufe0f<br \/>\n30&#215;30 cm, len<\/p>","protected":false},"excerpt":{"rendered":"<p>Ta mandala narodzi\u0142a si\u0119 z potrzeby uwolnienia si\u0119 od ci\u0119\u017caru przesz\u0142o\u015bci. Ka\u017cda linia, ka\u017cdy kszta\u0142t i kolor s\u0105 \u015bwiadomym aktem uzdrowienia \u2014 oddechem dla duszy, kt\u00f3ra postanowi\u0142a zako\u0144czy\u0107 stare cykle i otworzy\u0107 si\u0119 na nowe \u015bwiat\u0142o.\u2600<\/p>","protected":false},"featured_media":1113,"comment_status":"open","ping_status":"closed","template":"","meta":[],"product_brand":[],"product_cat":[15,60],"product_tag":[],"class_list":{"0":"post-1111","1":"product","2":"type-product","3":"status-publish","4":"has-post-thumbnail","6":"product_cat-bez-kategorii","7":"product_cat-gotowe-obrazy","9":"first","10":"instock","11":"shipping-taxable","12":"purchasable","13":"product-type-simple"},"aioseo_notices":[],"_links":{"self":[{"href":"https:\/\/www.circleoflove.pl\/en\/wp-json\/wp\/v2\/product\/1111","targetHints":{"allow":["GET"]}}],"collection":[{"href":"https:\/\/www.circleoflove.pl\/en\/wp-json\/wp\/v2\/product"}],"about":[{"href":"https:\/\/www.circleoflove.pl\/en\/wp-json\/wp\/v2\/types\/product"}],"replies":[{"embeddable":true,"href":"https:\/\/www.circleoflove.pl\/en\/wp-json\/wp\/v2\/comments?post=1111"}],"wp:featuredmedia":[{"embeddable":true,"href":"https:\/\/www.circleoflove.pl\/en\/wp-json\/wp\/v2\/media\/1113"}],"wp:attachment":[{"href":"https:\/\/www.circleoflove.pl\/en\/wp-json\/wp\/v2\/media?parent=1111"}],"wp:term":[{"taxonomy":"product_brand","embeddable":true,"href":"https:\/\/www.circleoflove.pl\/en\/wp-json\/wp\/v2\/product_brand?post=1111"},{"taxonomy":"product_cat","embeddable":true,"href":"https:\/\/www.circleoflove.pl\/en\/wp-json\/wp\/v2\/product_cat?post=1111"},{"taxonomy":"product_tag","embeddable":true,"href":"https:\/\/www.circleoflove.pl\/en\/wp-json\/wp\/v2\/product_tag?post=1111"}],"curies":[{"name":"wp","href":"https:\/\/api.w.org\/{rel}","templated":true}]}}