{"id":1118,"date":"2025-09-23T09:46:12","date_gmt":"2025-09-23T09:46:12","guid":{"rendered":"https:\/\/www.circleoflove.pl\/?post_type=product&#038;p=1118"},"modified":"2025-09-24T09:35:38","modified_gmt":"2025-09-24T09:35:38","slug":"intencja-moje-serce-promieniuje-miloscia-i-przyciaga-to-co-prawdziwe-%e2%9c%a8%e2%9d%a4%ef%b8%8f%f0%9f%94%a5","status":"publish","type":"product","link":"https:\/\/www.circleoflove.pl\/en\/product\/intencja-moje-serce-promieniuje-miloscia-i-przyciaga-to-co-prawdziwe-%e2%9c%a8%e2%9d%a4%ef%b8%8f%f0%9f%94%a5\/","title":{"rendered":"Intencja: \u201eMoje serce promieniuje mi\u0142o\u015bci\u0105 i przyci\u0105ga to, co prawdziwe \u2728\u2764\ufe0f\u200d\ud83d\udd25&#8221;"},"content":{"rendered":"<p>To mandala dla Duszy, kt\u00f3ra pragnie kocha\u0107 \u015bwiadomie, czu\u0107 g\u0142\u0119boko i \u017cy\u0107 w prawdzie serca.<\/p>\n<p>Ka\u017cdy jej detal wibruje intencj\u0105, kt\u00f3ra rezonuje z Wy\u017cszym Ja i otwiera na mi\u0142o\u015b\u0107 karmiczn\u0105, partnersk\u0105, uniwersaln\u0105.<br \/>\n\ud83d\udd4a\ufe0f\u2764\ufe0f\u2728<\/p>\n<p>Dost\u0119pna do sprzeda\u017cy \u2013 gotowa, by znale\u017a\u0107 przestrze\u0144, w kt\u00f3rej stanie si\u0119 duchowym centrum obecno\u015bci i \u015bwiat\u0142a.<\/p>\n<p>Z mi\u0142o\u015bci\u0105 tworzona \u2013 z mi\u0142o\u015bci\u0105 oddana.<br \/>\n\ud83c\udfa8<\/p>\n<p>Szuka domu:<br \/>\n30&#215;30 p\u0142\u00f3tno lniane<br \/>\nZ\u0142oto i bordowy<\/p>","protected":false},"excerpt":{"rendered":"<p>W \u015bwi\u0119tej geometrii tej mandali pulsuje energia serca, duchowej mi\u0142o\u015bci i harmonii Wszech\u015bwiata.<\/p>\n<p>To nie tylko obraz \u2013 to energetyczny kod, kt\u00f3ry aktywuje pole serca i otwiera przestrze\u0144 na mi\u0142o\u015b\u0107 czyst\u0105, uzdrawiaj\u0105c\u0105, bosko prowadzon\u0105.<br \/>\n\ud83c\udf0c\ud83d\udcab<\/p>\n<p>6 tr\u00f3jk\u0105t\u00f3w \u2013 \u015bwi\u0119ta r\u00f3wnowaga cia\u0142a, duszy i ducha<\/p>\n<p>6 okr\u0119g\u00f3w \u2013 niesko\u0144czony kr\u0105g mi\u0142o\u015bci, kt\u00f3ra daje i przyjmuje<\/p>\n<p>Z\u0142oto \u2013 \u015bwiat\u0142o \u0179r\u00f3d\u0142a, obfito\u015b\u0107, duchowa moc<\/p>\n<p>Bordo \u2013 g\u0142\u0119bia serca, zakorzenienie, ogie\u0144 istnienia<br \/>\n\ud83d\udd3a\u2b55\ufe0f\ud83c\udf1f<\/p>","protected":false},"featured_media":1120,"comment_status":"open","ping_status":"closed","template":"","meta":[],"product_brand":[],"product_cat":[15,60],"product_tag":[],"class_list":{"0":"post-1118","1":"product","2":"type-product","3":"status-publish","4":"has-post-thumbnail","6":"product_cat-bez-kategorii","7":"product_cat-gotowe-obrazy","9":"first","10":"instock","11":"shipping-taxable","12":"purchasable","13":"product-type-simple"},"aioseo_notices":[],"_links":{"self":[{"href":"https:\/\/www.circleoflove.pl\/en\/wp-json\/wp\/v2\/product\/1118","targetHints":{"allow":["GET"]}}],"collection":[{"href":"https:\/\/www.circleoflove.pl\/en\/wp-json\/wp\/v2\/product"}],"about":[{"href":"https:\/\/www.circleoflove.pl\/en\/wp-json\/wp\/v2\/types\/product"}],"replies":[{"embeddable":true,"href":"https:\/\/www.circleoflove.pl\/en\/wp-json\/wp\/v2\/comments?post=1118"}],"wp:featuredmedia":[{"embeddable":true,"href":"https:\/\/www.circleoflove.pl\/en\/wp-json\/wp\/v2\/media\/1120"}],"wp:attachment":[{"href":"https:\/\/www.circleoflove.pl\/en\/wp-json\/wp\/v2\/media?parent=1118"}],"wp:term":[{"taxonomy":"product_brand","embeddable":true,"href":"https:\/\/www.circleoflove.pl\/en\/wp-json\/wp\/v2\/product_brand?post=1118"},{"taxonomy":"product_cat","embeddable":true,"href":"https:\/\/www.circleoflove.pl\/en\/wp-json\/wp\/v2\/product_cat?post=1118"},{"taxonomy":"product_tag","embeddable":true,"href":"https:\/\/www.circleoflove.pl\/en\/wp-json\/wp\/v2\/product_tag?post=1118"}],"curies":[{"name":"wp","href":"https:\/\/api.w.org\/{rel}","templated":true}]}}