{"id":1124,"date":"2025-09-23T09:50:03","date_gmt":"2025-09-23T09:50:03","guid":{"rendered":"https:\/\/www.circleoflove.pl\/?post_type=product&#038;p=1124"},"modified":"2025-09-23T10:01:04","modified_gmt":"2025-09-23T10:01:04","slug":"intencja-jestem-jednoscia-spokojem-i-ruchem","status":"publish","type":"product","link":"https:\/\/www.circleoflove.pl\/en\/product\/intencja-jestem-jednoscia-spokojem-i-ruchem\/","title":{"rendered":"Intencja \u201eJestem Jedno\u015bci\u0105 \u2013 spokojem i ruchem.&#8221;"},"content":{"rendered":"<p>\ud83d\udd36 Ka\u017cdy stworzony kszta\u0142t, ka\u017cda barwa \u2013 z\u0142oto, srebro, turkus i niebieski \u2013 nios\u0105 energi\u0119 przemiany i g\u0142\u0119bokiej \u015bwiadomo\u015bci.<\/p>\n<p>\ud83c\udfa8 To wi\u0119cej ni\u017c obraz \u2013 to brama do wewn\u0119trznej r\u00f3wnowagi, dla tych, kt\u00f3rzy szukaj\u0105 sensu w paradoksach \u017cycia.<\/p>\n<p>\ud83c\udf0a Namalowany z intencj\u0105, gotowy, by sta\u0107 si\u0119 cz\u0119\u015bci\u0105 Twojej przestrzeni, przypominaj\u0105c o jedno\u015bci, kt\u00f3r\u0105 ju\u017c jeste\u015b. Czy jeste\u015b got\u00f3w zobaczy\u0107 to, co zawsze by\u0142o w Tobie? \ud83d\udc41\ufe0f\u2665\ufe0f\ud83d\udc0b<\/p>\n<p>Szuka domu \ud83e\udd8b<br \/>\nPodobrazie lniane 30&#215;30 cm<br \/>\nZ\u0142oto, srebro, turkus, niebieski<\/p>","protected":false},"excerpt":{"rendered":"<p>\u2728\ud83d\udc0d Dwa z\u0142ote w\u0119\u017ce splecione w \u015bwi\u0119tym ta\u0144cu Jing Jang symbolizuj\u0105 odwieczn\u0105 r\u00f3wnowag\u0119 przeciwie\u0144stw, kt\u00f3re nie walcz\u0105, lecz przenikaj\u0105 si\u0119 w doskona\u0142ej harmonii.<\/p>\n<p>Z\u0142oty w\u0105\u017c \ud83d\udc0d symbolizuje m\u0105dro\u015b\u0107, transformacj\u0119 i odrodzenie, reprezentuj\u0105c cykliczny proces zmiany i wzrostu. Jego z\u0142oty kolor wskazuje na bosk\u0105 energi\u0119, ochron\u0119 i duchow\u0105 si\u0142\u0119, a jednocze\u015bnie przypomina o r\u00f3wnowadze mi\u0119dzy \u017cyciem a \u015bmierci\u0105. W mitologiach wielu kultur z\u0142oty w\u0105\u017c jest symbolem harmonii i jedno\u015bci, w kt\u00f3rej przeciwie\u0144stwa wsp\u00f3\u0142istniej\u0105, prowadz\u0105c do pe\u0142ni istnienia.<\/p>\n<p>\u262f\ufe0f Cztery z\u0142ote kwadraty na obrze\u017cach mandali s\u0105 filarami stabilno\u015bci, przypominaj\u0105c, \u017ce chaos i spok\u00f3j nie wykluczaj\u0105 si\u0119, lecz razem tworz\u0105 pe\u0142ni\u0119 istnienia.<\/p>","protected":false},"featured_media":1126,"comment_status":"open","ping_status":"closed","template":"","meta":[],"product_brand":[],"product_cat":[15,60],"product_tag":[],"class_list":{"0":"post-1124","1":"product","2":"type-product","3":"status-publish","4":"has-post-thumbnail","6":"product_cat-bez-kategorii","7":"product_cat-gotowe-obrazy","9":"first","10":"instock","11":"shipping-taxable","12":"purchasable","13":"product-type-simple"},"aioseo_notices":[],"_links":{"self":[{"href":"https:\/\/www.circleoflove.pl\/en\/wp-json\/wp\/v2\/product\/1124","targetHints":{"allow":["GET"]}}],"collection":[{"href":"https:\/\/www.circleoflove.pl\/en\/wp-json\/wp\/v2\/product"}],"about":[{"href":"https:\/\/www.circleoflove.pl\/en\/wp-json\/wp\/v2\/types\/product"}],"replies":[{"embeddable":true,"href":"https:\/\/www.circleoflove.pl\/en\/wp-json\/wp\/v2\/comments?post=1124"}],"wp:featuredmedia":[{"embeddable":true,"href":"https:\/\/www.circleoflove.pl\/en\/wp-json\/wp\/v2\/media\/1126"}],"wp:attachment":[{"href":"https:\/\/www.circleoflove.pl\/en\/wp-json\/wp\/v2\/media?parent=1124"}],"wp:term":[{"taxonomy":"product_brand","embeddable":true,"href":"https:\/\/www.circleoflove.pl\/en\/wp-json\/wp\/v2\/product_brand?post=1124"},{"taxonomy":"product_cat","embeddable":true,"href":"https:\/\/www.circleoflove.pl\/en\/wp-json\/wp\/v2\/product_cat?post=1124"},{"taxonomy":"product_tag","embeddable":true,"href":"https:\/\/www.circleoflove.pl\/en\/wp-json\/wp\/v2\/product_tag?post=1124"}],"curies":[{"name":"wp","href":"https:\/\/api.w.org\/{rel}","templated":true}]}}