{"id":1130,"date":"2025-09-23T09:50:48","date_gmt":"2025-09-23T09:50:48","guid":{"rendered":"https:\/\/www.circleoflove.pl\/?post_type=product&#038;p=1130"},"modified":"2025-09-24T09:40:04","modified_gmt":"2025-09-24T09:40:04","slug":"intencja-akceptuje-calosc-mojego-istnienia-jasne-i-ciemne-strony-wszystko-jest-czescia-jednej-doskonalej-calosci-%e2%98%80%ef%b8%8f","status":"publish","type":"product","link":"https:\/\/www.circleoflove.pl\/en\/product\/intencja-akceptuje-calosc-mojego-istnienia-jasne-i-ciemne-strony-wszystko-jest-czescia-jednej-doskonalej-calosci-%e2%98%80%ef%b8%8f\/","title":{"rendered":"Intencja:  \u201eAkceptuj\u0119 ca\u0142o\u015b\u0107 mojego istnienia \u2013 jasne i ciemne strony. Wszystko jest cz\u0119\u015bci\u0105 jednej doskona\u0142ej ca\u0142o\u015bci.&#8221; \u2600\ufe0f"},"content":{"rendered":"<p>W kontek\u015bcie mandali torus jest jak oddech wszech\u015bwiata \u2013 wieczne pulsowanie, kt\u00f3re jednocze\u015bnie rozszerza i skupia energi\u0119. Jest to r\u00f3wnie\u017c kszta\u0142t spotykany w polu elektromagnetycznym serca, co podkre\u015bla g\u0142\u0119boki zwi\u0105zek mi\u0119dzy \u015bwiadomo\u015bci\u0105 a energi\u0105 \u017cycia.<\/p>\n<p>Kolory prowadz\u0105 przez t\u0119 wewn\u0119trzn\u0105 podr\u00f3\u017c:<br \/>\n\u2728 Srebro \u2013 intuicja, m\u0105dro\u015b\u0107, czysto\u015b\u0107.<br \/>\n\ud83d\udc96 R\u00f3\u017c \u2013 mi\u0142o\u015b\u0107, wsp\u00f3\u0142czucie, uzdrowienie.<br \/>\n\ud83e\udde1 Jasny pomara\u0144cz \u2013 kreatywno\u015b\u0107, si\u0142a \u017cyciowa, transformacja.<\/p>\n<p>Ta mandala przypomina, \u017ce ka\u017cde do\u015bwiadczenie \u2013 zar\u00f3wno te jasne, jak i ciemne \u2013 sk\u0142ada si\u0119 na jedn\u0105 doskona\u0142\u0105 ca\u0142o\u015b\u0107.<\/p>\n<p>Je\u015bli czujesz, \u017ce ta energia jest dla Ciebie, mandala jest dost\u0119pna. Napisz do mnie po szczeg\u00f3\u0142y!<\/p>\n<p><strong>Szuka domu:<\/strong><br \/>\nObraz 30&#215;30 cm<br \/>\nSrebro, r\u00f3\u017c, pomara\u0144cz<\/p>","protected":false},"excerpt":{"rendered":"<p>Moja najnowsza mandala to wizualna manifestacja harmonii przeciwie\u0144stw i pe\u0142nej akceptacji siebie. W centrum \u2013 torus, symbol niesko\u0144czonego przep\u0142ywu energii, jedno\u015bci \u015bwiat\u0142a i cienia, wn\u0119trza i zewn\u0119trza.<\/p>\n<p>Symbolika torusa<\/p>\n<p>Torus to jedna z najbardziej fundamentalnych form w geometrii i naturze, przedstawiaj\u0105ca niesko\u0144czony przep\u0142yw energii, samoorganizacj\u0119 i cykliczno\u015b\u0107. Jest modelem pola energetycznego, w kt\u00f3rym ka\u017cda cz\u0119\u015b\u0107 wp\u0142ywa na ca\u0142o\u015b\u0107, a ca\u0142o\u015b\u0107 zawiera w sobie ka\u017cd\u0105 cz\u0119\u015b\u0107. Reprezentuje harmoni\u0119 mi\u0119dzy wn\u0119trzem a zewn\u0119trzem, a tak\u017ce jedno\u015b\u0107 przeciwie\u0144stw \u2013 \u015bwiat\u0142a i cienia, ruchu i spoczynku, duchowo\u015bci i materialno\u015bci.<\/p>","protected":false},"featured_media":1201,"comment_status":"open","ping_status":"closed","template":"","meta":[],"product_brand":[],"product_cat":[15,60],"product_tag":[],"class_list":{"0":"post-1130","1":"product","2":"type-product","3":"status-publish","4":"has-post-thumbnail","6":"product_cat-bez-kategorii","7":"product_cat-gotowe-obrazy","9":"first","10":"instock","11":"shipping-taxable","12":"purchasable","13":"product-type-simple"},"aioseo_notices":[],"_links":{"self":[{"href":"https:\/\/www.circleoflove.pl\/en\/wp-json\/wp\/v2\/product\/1130","targetHints":{"allow":["GET"]}}],"collection":[{"href":"https:\/\/www.circleoflove.pl\/en\/wp-json\/wp\/v2\/product"}],"about":[{"href":"https:\/\/www.circleoflove.pl\/en\/wp-json\/wp\/v2\/types\/product"}],"replies":[{"embeddable":true,"href":"https:\/\/www.circleoflove.pl\/en\/wp-json\/wp\/v2\/comments?post=1130"}],"wp:featuredmedia":[{"embeddable":true,"href":"https:\/\/www.circleoflove.pl\/en\/wp-json\/wp\/v2\/media\/1201"}],"wp:attachment":[{"href":"https:\/\/www.circleoflove.pl\/en\/wp-json\/wp\/v2\/media?parent=1130"}],"wp:term":[{"taxonomy":"product_brand","embeddable":true,"href":"https:\/\/www.circleoflove.pl\/en\/wp-json\/wp\/v2\/product_brand?post=1130"},{"taxonomy":"product_cat","embeddable":true,"href":"https:\/\/www.circleoflove.pl\/en\/wp-json\/wp\/v2\/product_cat?post=1130"},{"taxonomy":"product_tag","embeddable":true,"href":"https:\/\/www.circleoflove.pl\/en\/wp-json\/wp\/v2\/product_tag?post=1130"}],"curies":[{"name":"wp","href":"https:\/\/api.w.org\/{rel}","templated":true}]}}