{"id":1147,"date":"2025-09-23T11:31:40","date_gmt":"2025-09-23T11:31:40","guid":{"rendered":"https:\/\/www.circleoflove.pl\/?post_type=product&#038;p=1147"},"modified":"2025-09-23T11:31:41","modified_gmt":"2025-09-23T11:31:41","slug":"intencja-%e2%9c%a8-w-lekkosci-podazam-za-sercem-ufajac-intuicji-i-prowadzeniu-wszechswiata-%e2%9c%a8","status":"publish","type":"product","link":"https:\/\/www.circleoflove.pl\/en\/product\/intencja-%e2%9c%a8-w-lekkosci-podazam-za-sercem-ufajac-intuicji-i-prowadzeniu-wszechswiata-%e2%9c%a8\/","title":{"rendered":"Intencja: \u2728 W lekko\u015bci pod\u0105\u017cam za sercem, ufaj\u0105c intuicji i prowadzeniu Wszech\u015bwiata \u2728"},"content":{"rendered":"<p>M\u00f3j obraz to zapis tej energii \u2013 przep\u0142ywu, otwarto\u015bci, gotowo\u015bci na to, co przychodzi. To przypomnienie, \u017ce im bardziej odpuszczamy ci\u0119\u017car kontroli, tym bardziej Wszech\u015bwiat prowadzi nas tam, gdzie naprawd\u0119 mamy by\u0107.<\/p>\n<p>Szuka domu<br \/>\nP\u0142\u00f3tno lniane 30&#215;30 cm<\/p>","protected":false},"excerpt":{"rendered":"<p>Czasem \u017cycie zaprasza nas do kontrolowania ka\u017cdego kroku, ale prawdziwa harmonia rodzi si\u0119 w zaufaniu. Gdy pozwalamy sobie pod\u0105\u017ca\u0107 za g\u0142osem serca, nie trzymaj\u0105c kurczowo plan\u00f3w i oczekiwa\u0144, \u015bwiat otwiera si\u0119 przed nami w spos\u00f3b, kt\u00f3rego nie spos\u00f3b przewidzie\u0107 \u2013 ale kt\u00f3ry zawsze jest w\u0142a\u015bciwy.<\/p>","protected":false},"featured_media":1148,"comment_status":"open","ping_status":"closed","template":"","meta":[],"product_brand":[],"product_cat":[15],"product_tag":[],"class_list":{"0":"post-1147","1":"product","2":"type-product","3":"status-publish","4":"has-post-thumbnail","6":"product_cat-bez-kategorii","8":"first","9":"instock","10":"shipping-taxable","11":"purchasable","12":"product-type-simple"},"aioseo_notices":[],"_links":{"self":[{"href":"https:\/\/www.circleoflove.pl\/en\/wp-json\/wp\/v2\/product\/1147","targetHints":{"allow":["GET"]}}],"collection":[{"href":"https:\/\/www.circleoflove.pl\/en\/wp-json\/wp\/v2\/product"}],"about":[{"href":"https:\/\/www.circleoflove.pl\/en\/wp-json\/wp\/v2\/types\/product"}],"replies":[{"embeddable":true,"href":"https:\/\/www.circleoflove.pl\/en\/wp-json\/wp\/v2\/comments?post=1147"}],"wp:featuredmedia":[{"embeddable":true,"href":"https:\/\/www.circleoflove.pl\/en\/wp-json\/wp\/v2\/media\/1148"}],"wp:attachment":[{"href":"https:\/\/www.circleoflove.pl\/en\/wp-json\/wp\/v2\/media?parent=1147"}],"wp:term":[{"taxonomy":"product_brand","embeddable":true,"href":"https:\/\/www.circleoflove.pl\/en\/wp-json\/wp\/v2\/product_brand?post=1147"},{"taxonomy":"product_cat","embeddable":true,"href":"https:\/\/www.circleoflove.pl\/en\/wp-json\/wp\/v2\/product_cat?post=1147"},{"taxonomy":"product_tag","embeddable":true,"href":"https:\/\/www.circleoflove.pl\/en\/wp-json\/wp\/v2\/product_tag?post=1147"}],"curies":[{"name":"wp","href":"https:\/\/api.w.org\/{rel}","templated":true}]}}