{"id":1153,"date":"2025-09-23T11:35:07","date_gmt":"2025-09-23T11:35:07","guid":{"rendered":"https:\/\/www.circleoflove.pl\/?post_type=product&#038;p=1153"},"modified":"2025-09-23T11:35:08","modified_gmt":"2025-09-23T11:35:08","slug":"intencja-jestem-gotowy-zyc-tak-jak-pragnie-moja-dusza","status":"publish","type":"product","link":"https:\/\/www.circleoflove.pl\/en\/product\/intencja-jestem-gotowy-zyc-tak-jak-pragnie-moja-dusza\/","title":{"rendered":"Intencja \u201eJestem Gotowy \u017cy\u0107 tak jak pragnie moja dusza&#8221;"},"content":{"rendered":"<p>Skarabeusz w staro\u017cytnym Egipcie symbolizowa\u0142 odrodzenie, ochron\u0119 i cykl \u017cycia. By\u0142 zwi\u0105zany z bogiem s\u0142o\u0144ca Ra, poniewa\u017c przypomina\u0142 ruch s\u0142o\u0144ca po niebie. Uwa\u017cano go za amulet szcz\u0119\u015bcia i ochrony, chroni\u0105cy przed z\u0142ymi mocami. Wk\u0142adano go do grobowc\u00f3w, by zapewni\u0107 zmar\u0142ym bezpieczne przej\u015bcie do \u017cycia pozagrobowego. Jego transformacja od larwy do doros\u0142ego chrz\u0105szcza symbolizowa\u0142a duchowy rozw\u00f3j. Egipcjanie wierzyli, \u017ce skarabeusz samoczynnie si\u0119 odradza, co czyni\u0142o go symbolem boskiej kreacji. By\u0142 te\u017c znakiem si\u0142y \u017cyciowej i tw\u00f3rczej mocy s\u0142o\u0144ca. Dzi\u015b nadal jest u\u017cywany jako talizman szcz\u0119\u015bcia i ochrony.<\/p>\n<p>30&#215;30 cm<br \/>\nZ\u0142oto i b\u0142\u0119kit na czarnym tle \ud83c\udf16<\/p>","protected":false},"excerpt":{"rendered":"<p>\u201eNie szukaj poza Sob\u0105. Ca\u0142y \u015bwiat m, kt\u00f3rego pragniesz jest w Twoim Sercu&#8221; ~ Rumi<\/p>\n<p>Mandala, kt\u00f3ra powsta\u0142a jako pierwsza po podr\u00f3\u017cy do Egiptu. Jest przejawem kompletno\u015bci, wiedzy i mocy jak\u0105 uwolni\u0142a si\u0119 wewn\u0105trz \ud83c\udf15. Zawiera wiele pot\u0119\u017cnych symboli: ankh, skrzyd\u0142a, ksi\u0119\u017cyc, piramida, spiral\u0119, s\u0142o\u0144ce, \u015bwi\u0119t\u0105 geometri\u0119, kodowane ci\u0105gi liczb oraz skarabeusza.<\/p>","protected":false},"featured_media":1154,"comment_status":"open","ping_status":"closed","template":"","meta":[],"product_brand":[],"product_cat":[15],"product_tag":[],"class_list":{"0":"post-1153","1":"product","2":"type-product","3":"status-publish","4":"has-post-thumbnail","6":"product_cat-bez-kategorii","8":"first","9":"instock","10":"shipping-taxable","11":"purchasable","12":"product-type-simple"},"aioseo_notices":[],"_links":{"self":[{"href":"https:\/\/www.circleoflove.pl\/en\/wp-json\/wp\/v2\/product\/1153","targetHints":{"allow":["GET"]}}],"collection":[{"href":"https:\/\/www.circleoflove.pl\/en\/wp-json\/wp\/v2\/product"}],"about":[{"href":"https:\/\/www.circleoflove.pl\/en\/wp-json\/wp\/v2\/types\/product"}],"replies":[{"embeddable":true,"href":"https:\/\/www.circleoflove.pl\/en\/wp-json\/wp\/v2\/comments?post=1153"}],"wp:featuredmedia":[{"embeddable":true,"href":"https:\/\/www.circleoflove.pl\/en\/wp-json\/wp\/v2\/media\/1154"}],"wp:attachment":[{"href":"https:\/\/www.circleoflove.pl\/en\/wp-json\/wp\/v2\/media?parent=1153"}],"wp:term":[{"taxonomy":"product_brand","embeddable":true,"href":"https:\/\/www.circleoflove.pl\/en\/wp-json\/wp\/v2\/product_brand?post=1153"},{"taxonomy":"product_cat","embeddable":true,"href":"https:\/\/www.circleoflove.pl\/en\/wp-json\/wp\/v2\/product_cat?post=1153"},{"taxonomy":"product_tag","embeddable":true,"href":"https:\/\/www.circleoflove.pl\/en\/wp-json\/wp\/v2\/product_tag?post=1153"}],"curies":[{"name":"wp","href":"https:\/\/api.w.org\/{rel}","templated":true}]}}