{"id":1159,"date":"2025-09-23T11:35:52","date_gmt":"2025-09-23T11:35:52","guid":{"rendered":"https:\/\/www.circleoflove.pl\/?post_type=product&#038;p=1159"},"modified":"2025-09-24T09:43:29","modified_gmt":"2025-09-24T09:43:29","slug":"intencja-jestem-pelnia-milosci-w-doskonalym-polaczeniu-z-matka-ziemia-i-ojcem-niebem","status":"publish","type":"product","link":"https:\/\/www.circleoflove.pl\/en\/product\/intencja-jestem-pelnia-milosci-w-doskonalym-polaczeniu-z-matka-ziemia-i-ojcem-niebem\/","title":{"rendered":"Intencja: \u201eJestem pe\u0142ni\u0105 mi\u0142o\u015bci, w doskona\u0142ym po\u0142\u0105czeniu z Matk\u0105 Ziemi\u0105 i Ojcem Niebem&#8221;"},"content":{"rendered":"<p>W wielu tradycjach duchowych liczba 3 oznacza jedno\u015b\u0107 trzech aspekt\u00f3w w jedn\u0105 ca\u0142o\u015b\u0107. To symbol boskiej tr\u00f3jcy \u2013 trzech aspekt\u00f3w jednej si\u0142y, kt\u00f3re wype\u0142niaj\u0105 ca\u0142o\u015b\u0107 wszech\u015bwiata. Mo\u017ce to by\u0107 rozumiane w kontek\u015bcie Matki Ziemi, Ojca Niebios i Ja, jako po\u0142\u0105czenie trzech poziom\u00f3w bytu: materialnego, mentalnego i duchowego. \u015awi\u0119ta geometria ukazuje, jak te trzy elementy wsp\u00f3\u0142istniej\u0105 w harmonii, tworz\u0105c dynamiczn\u0105 i tw\u00f3rcz\u0105 r\u00f3wnowag\u0119.<\/p>\n<p>Szuka domu:<\/p>\n<p>30&#215;30 cm na grubej ramie 3 cm<\/p>","protected":false},"excerpt":{"rendered":"<p>Kody, kt\u00f3re zawar\u0142em w obrazie pog\u0142\u0119biaj\u0105 komunikacj\u0119 z samym Sob\u0105. Do\u0142adowuj\u0105 bezwarunkow\u0105 mi\u0142o\u015bci\u0105 oraz \u0142\u0105cz\u0105 z Matk\u0105 Ziemi\u0105 i Ojcem Niebem w najwy\u017cszej mo\u017cliwej jako\u015bci. Dzi\u0119ki temu doskonale WIESZ czy droga kt\u00f3r\u0105 wybierasz jest w zgodzie z Tob\u0105.<\/p>","protected":false},"featured_media":1210,"comment_status":"open","ping_status":"closed","template":"","meta":[],"product_brand":[],"product_cat":[15],"product_tag":[],"class_list":{"0":"post-1159","1":"product","2":"type-product","3":"status-publish","4":"has-post-thumbnail","6":"product_cat-bez-kategorii","8":"first","9":"instock","10":"shipping-taxable","11":"purchasable","12":"product-type-simple"},"aioseo_notices":[],"_links":{"self":[{"href":"https:\/\/www.circleoflove.pl\/en\/wp-json\/wp\/v2\/product\/1159","targetHints":{"allow":["GET"]}}],"collection":[{"href":"https:\/\/www.circleoflove.pl\/en\/wp-json\/wp\/v2\/product"}],"about":[{"href":"https:\/\/www.circleoflove.pl\/en\/wp-json\/wp\/v2\/types\/product"}],"replies":[{"embeddable":true,"href":"https:\/\/www.circleoflove.pl\/en\/wp-json\/wp\/v2\/comments?post=1159"}],"wp:featuredmedia":[{"embeddable":true,"href":"https:\/\/www.circleoflove.pl\/en\/wp-json\/wp\/v2\/media\/1210"}],"wp:attachment":[{"href":"https:\/\/www.circleoflove.pl\/en\/wp-json\/wp\/v2\/media?parent=1159"}],"wp:term":[{"taxonomy":"product_brand","embeddable":true,"href":"https:\/\/www.circleoflove.pl\/en\/wp-json\/wp\/v2\/product_brand?post=1159"},{"taxonomy":"product_cat","embeddable":true,"href":"https:\/\/www.circleoflove.pl\/en\/wp-json\/wp\/v2\/product_cat?post=1159"},{"taxonomy":"product_tag","embeddable":true,"href":"https:\/\/www.circleoflove.pl\/en\/wp-json\/wp\/v2\/product_tag?post=1159"}],"curies":[{"name":"wp","href":"https:\/\/api.w.org\/{rel}","templated":true}]}}