{"id":1173,"date":"2025-09-23T11:43:46","date_gmt":"2025-09-23T11:43:46","guid":{"rendered":"https:\/\/www.circleoflove.pl\/?post_type=product&#038;p=1173"},"modified":"2025-09-24T09:51:06","modified_gmt":"2025-09-24T09:51:06","slug":"intencja-moj-wewnetrzny-i-zewnetrzny-swiat-jest-zintegrowany-%f0%9f%92%9a%f0%9f%92%9b%f0%9f%a7%a1","status":"publish","type":"product","link":"https:\/\/www.circleoflove.pl\/en\/product\/intencja-moj-wewnetrzny-i-zewnetrzny-swiat-jest-zintegrowany-%f0%9f%92%9a%f0%9f%92%9b%f0%9f%a7%a1\/","title":{"rendered":"Intencja \u201eM\u00f3j wewn\u0119trzny i zewn\u0119trzny \u015bwiat jest zintegrowany&#8221; \ud83d\udc9a\ud83d\udc9b\ud83e\udde1"},"content":{"rendered":"<p>B\u0119d\u0105c w przep\u0142ywie \u201eMoje Tworzenie&#8221; poprostu si\u0119 przejawia. Intencje przychodz\u0105 same. R\u0119ka jest prowadzona, umys\u0142 le\u017cy gdzie\u015b z boku na sofie i odpoczywa. Przesta\u0142em analizowa\u0107. Pozwoli\u0142em unosi\u0107 si\u0119 przez wiatr we w\u0142asnym \u017cyciu jednocze\u015bnie maj\u0105c wyb\u00f3r gdzie kieruje swoje skrzyd\u0142a, gdzie patrze, co widz\u0119, co wybieram. Uznaje w Pe\u0142ni Swoje Mistrzostwo \ud83d\ude4f\ud83e\udd79<\/p>\n<p>Szuka domu \ud83c\udf38<br \/>\n30&#215;30 cm ciemno-zielone tlo<\/p>","protected":false},"excerpt":{"rendered":"<p>My\u015bl- s\u0142owo- dzia\u0142anie \u2728 ile\u017c razy ludzie m\u00f3wi\u0105 jedno, robi\u0105 my\u015bl\u0105 drugie a robi\u0105 trzecie? Ka\u017cda droga jest w\u0142a\u015bciwa. Pytanie brzmi czy wybieram Siebie? Gdzie jestem JA we w\u0142asnym \u017cyciu? Co mn\u0105 kieruje? Kto? Czy mam kontakt ze swoj\u0105 Intuicj\u0105? Swoim Jestestwem? Czy to co pragn\u0119 aby napewno jest moje- czy mo\u017ce to pragnienie jest moich rodzic\u00f3w? Marzenia, kt\u00f3re stwarzam wymy\u015bli\u0142em sam? Czy mo\u017ce to \u201egrupowe&#8221; marzenia z dzieci\u0144stwa, kt\u00f3re przyj\u0105\u0142em tylko za swoje&#8230;<\/p>\n<p>Zintegruj sw\u00f3j wewn\u0119trzny \u015bwiat z zewn\u0119trznym i pozw\u00f3l SOBIE na \u017bYCIE w PRAWDZIE \ud83c\udf38\u2728<\/p>","protected":false},"featured_media":1216,"comment_status":"open","ping_status":"closed","template":"","meta":[],"product_brand":[],"product_cat":[15],"product_tag":[],"class_list":{"0":"post-1173","1":"product","2":"type-product","3":"status-publish","4":"has-post-thumbnail","6":"product_cat-bez-kategorii","8":"first","9":"instock","10":"shipping-taxable","11":"purchasable","12":"product-type-simple"},"aioseo_notices":[],"_links":{"self":[{"href":"https:\/\/www.circleoflove.pl\/en\/wp-json\/wp\/v2\/product\/1173","targetHints":{"allow":["GET"]}}],"collection":[{"href":"https:\/\/www.circleoflove.pl\/en\/wp-json\/wp\/v2\/product"}],"about":[{"href":"https:\/\/www.circleoflove.pl\/en\/wp-json\/wp\/v2\/types\/product"}],"replies":[{"embeddable":true,"href":"https:\/\/www.circleoflove.pl\/en\/wp-json\/wp\/v2\/comments?post=1173"}],"wp:featuredmedia":[{"embeddable":true,"href":"https:\/\/www.circleoflove.pl\/en\/wp-json\/wp\/v2\/media\/1216"}],"wp:attachment":[{"href":"https:\/\/www.circleoflove.pl\/en\/wp-json\/wp\/v2\/media?parent=1173"}],"wp:term":[{"taxonomy":"product_brand","embeddable":true,"href":"https:\/\/www.circleoflove.pl\/en\/wp-json\/wp\/v2\/product_brand?post=1173"},{"taxonomy":"product_cat","embeddable":true,"href":"https:\/\/www.circleoflove.pl\/en\/wp-json\/wp\/v2\/product_cat?post=1173"},{"taxonomy":"product_tag","embeddable":true,"href":"https:\/\/www.circleoflove.pl\/en\/wp-json\/wp\/v2\/product_tag?post=1173"}],"curies":[{"name":"wp","href":"https:\/\/api.w.org\/{rel}","templated":true}]}}