{"id":773,"date":"2025-09-17T11:32:33","date_gmt":"2025-09-17T11:32:33","guid":{"rendered":"https:\/\/www.circleoflove.pl\/?post_type=product&#038;p=773"},"modified":"2025-09-17T11:33:14","modified_gmt":"2025-09-17T11:33:14","slug":"obraz-indywidualny","status":"publish","type":"product","link":"https:\/\/www.circleoflove.pl\/en\/product\/obraz-indywidualny\/","title":{"rendered":"Obraz Indywidualny"},"content":{"rendered":"<p><strong>Jak powstaje obraz?<\/strong><\/p>\n<ol>\n<li>Kr\u00f3tkie spotkanie wideo (30 minut): s\u0142ucham Twojej historii, potrzeb, kierunku. Pomagam doprecyzowa\u0107 Intencje, kolory, wizje, droge.<\/li>\n<li>Projekt energii: dobieram geometri\u0119, symbole, g\u0119sto\u015b\u0107 eneretyczn\u0105 i palet\u0119 wspieraj\u0105ce Twoj\u0105 wibracje.<\/li>\n<li>Aktywacja- zadziewa si\u0119 ju\u017c w momencie napisania intencji z ty\u0142u obrazu, cz\u0119sto osoba dla kt\u00f3rej tworze ju\u017c odczuwa, ze zaczelo si\u0119 cos \u201ezmieniac\u201d.<\/li>\n<li>Proces tworzenia: tworze na lnie, kt\u00f3ry ma najwyzsza wibracje, nak\u0142adam potr\u00f3jna warstw\u0119 na podobrazie t\u0142a (cia\u0142o, umys\u0142, dusza) z Twoj\u0105 intencj\u0105. Tworze b\u0119d\u0105c w \u015bwietej przestrzeni serca az poczuje, ze jest gotowe.<\/li>\n<li>Gdy obraz zostanie zabezpieczony warstwa ochronna, zostaje wraz ze \u201ezlotym woreczkiem do aktywacji\u201d zapakowany oraz wys\u0142any do Ciebie.<\/li>\n<\/ol>\n<p><strong>Co otrzymujesz?<\/strong><\/p>\n<ul>\n<li>Indywidualne dzielo: na p\u0142otnie lnianym (format ustalamy wsp\u00f3lnie).<\/li>\n<li>Kart\u0119 g\u0142\u0119bokiego procesu tworzenia: wraz ze szczegolowym opisem ka\u017cdego symbolu, koloru.<\/li>\n<li>Wskaz\u00f3wka: jak pracowa\u0107 z obrazem, gdzie go umie\u015bci\u0107 i kiedy.<\/li>\n<li>Medytacja do obrazu.<\/li>\n<li>Foto dziennik, je\u017celi chcesz zobaczy\u0107 jak rodzi\u0142 si\u0119 Tw\u00f3j obraz mocy.<\/li>\n<\/ul>\n<p><strong>Dlaczego to dzia\u0142a?<\/strong><\/p>\n<ul>\n<li>\u015awi\u0119ta geometria porzadkuje pole- umys\u0142 si\u0119 uspokaja, serce mi\u0119knie, decyzje klaruj\u0105 si\u0119, widzisz i czujesz prawd\u0119, kt\u00f3ra staje si\u0119 dla Ciebie oczywistym wyborem- wyborem z Serca.<\/li>\n<li>Codzinny kontakt utrwala kierunek- dzielo przypomina, zamiast \u201eprzypomina\u0107 si\u0119\u201d<\/li>\n<li>Zgodno\u015b\u0107 z Prawd\u0105 &#8211; obraz nie narzuca; przywraca harmonijny ruch tego, co w Tobie \u017cywe.<\/li>\n<\/ul>\n<p><strong>Jak zamowi\u0107?<\/strong><\/p>\n<ol>\n<li>Wybierz rozmiar obrazu i dodaj produkt do Koszyka.<\/li>\n<li>Wype\u0142nij formularz zam\u00f3wienia oraz op\u0142a\u0107 zam\u00f3wienie.<\/li>\n<li>W formularzu zostaw do siebie numer telefonu lub e-mail, um\u00f3wimy si\u0119 na kr\u00f3tk\u0105 rozmow\u0119 intucicyjn\u0105.<\/li>\n<\/ol>\n<p><strong>Je\u015bli czujesz wo\u0142anie serca- to zaproszenie do spotkania ze sob\u0105\u2026 <\/strong>-&gt; <a href=\"https:\/\/www.circleoflove.pl\/en\/product\/sesja-11-online\/\">um\u00f3w si\u0119 na konsultacje<\/a><\/p>","protected":false},"excerpt":{"rendered":"<p>\u201ePatrz\u0105c w obraz, serce przypomina sobie drog\u0119. I wszystko wraca na swoje miejsce\u201d<\/p>\n<p>Obrazy energetyczne \u015bwi\u0119tej geometrii &#8211; zam\u00f3w indywidualne dzie\u0142o dla Siebie.<\/p>\n<p>\u015awiat\u0142o w kodzie, formie i kolorze. Tworz\u0119 dla Ciebie unikaln\u0105 architektur\u0119 energii- dzie\u0142o, kt\u00f3re pracuje z Tob\u0105 ka\u017cdego dnia: harmonizuje przestrze\u0144, wzmacnia Intencj\u0119, pomaga wraca\u0107 do wewn\u0119trznej ciszy, podnosi Twoj\u0105 wibracje dzi\u0119ki czemu \u0142atwiej jest \u017cy\u0107 w zgodzie z Prawd\u0105. To nie jest dekoracja. To portal do tego, czego naprawd\u0119 pragniesz.<\/p>\n<p><strong>Z mistrzowsk\u0105 precyzj\u0105 \u0142\u0105cz\u0119 \u015bwi\u0119t\u0105 geometrie, z\u0142ote proporcje i \u015bwiadomie dobrane barwy, aby uwolni\u0107 w obrazie to, za czym t\u0119sknisz: klarowno\u015b\u0107, odwag\u0119, mi\u0142o\u015b\u0107, sprawczo\u015b\u0107, obfito\u015b\u0107, bogactwo. Kiedy patrzysz- wracasz do Siebie. Przestrze\u0144 si\u0119 porz\u0105dkuje. Reszta zaczyna si\u0119 dzia\u0107 i do\u015bwiadczasz.<\/strong><\/p>","protected":false},"featured_media":782,"comment_status":"open","ping_status":"closed","template":"","meta":[],"product_brand":[],"product_cat":[15,54],"product_tag":[],"class_list":{"0":"post-773","1":"product","2":"type-product","3":"status-publish","4":"has-post-thumbnail","6":"product_cat-bez-kategorii","7":"product_cat-obraz-indywidualny","9":"first","10":"instock","11":"shipping-taxable","12":"purchasable","13":"product-type-variable"},"aioseo_notices":[],"_links":{"self":[{"href":"https:\/\/www.circleoflove.pl\/en\/wp-json\/wp\/v2\/product\/773","targetHints":{"allow":["GET"]}}],"collection":[{"href":"https:\/\/www.circleoflove.pl\/en\/wp-json\/wp\/v2\/product"}],"about":[{"href":"https:\/\/www.circleoflove.pl\/en\/wp-json\/wp\/v2\/types\/product"}],"replies":[{"embeddable":true,"href":"https:\/\/www.circleoflove.pl\/en\/wp-json\/wp\/v2\/comments?post=773"}],"wp:featuredmedia":[{"embeddable":true,"href":"https:\/\/www.circleoflove.pl\/en\/wp-json\/wp\/v2\/media\/782"}],"wp:attachment":[{"href":"https:\/\/www.circleoflove.pl\/en\/wp-json\/wp\/v2\/media?parent=773"}],"wp:term":[{"taxonomy":"product_brand","embeddable":true,"href":"https:\/\/www.circleoflove.pl\/en\/wp-json\/wp\/v2\/product_brand?post=773"},{"taxonomy":"product_cat","embeddable":true,"href":"https:\/\/www.circleoflove.pl\/en\/wp-json\/wp\/v2\/product_cat?post=773"},{"taxonomy":"product_tag","embeddable":true,"href":"https:\/\/www.circleoflove.pl\/en\/wp-json\/wp\/v2\/product_tag?post=773"}],"curies":[{"name":"wp","href":"https:\/\/api.w.org\/{rel}","templated":true}]}}